{"id":228,"date":"2020-05-27T11:41:19","date_gmt":"2020-05-27T11:41:19","guid":{"rendered":"http:\/\/ouvir.pt\/?page_id=228"},"modified":"2026-01-11T08:44:27","modified_gmt":"2026-01-11T08:44:27","slug":"noticias","status":"publish","type":"page","link":"https:\/\/ouvir.pt\/en\/noticias\/","title":{"rendered":"News"},"content":{"rendered":"<div data-elementor-type=\"wp-page\" data-elementor-id=\"228\" class=\"elementor elementor-228\">\n\t\t\t\t\t\t<section class=\"elementor-section elementor-top-section elementor-element elementor-element-2782dbf elementor-section-boxed elementor-section-height-default elementor-section-height-default\" data-id=\"2782dbf\" data-element_type=\"section\">\n\t\t\t\t\t\t<div class=\"elementor-container elementor-column-gap-default\">\n\t\t\t\t\t<div class=\"elementor-column elementor-col-100 elementor-top-column elementor-element elementor-element-c2b13ca\" data-id=\"c2b13ca\" data-element_type=\"column\">\n\t\t\t<div class=\"elementor-widget-wrap elementor-element-populated\">\n\t\t\t\t\t\t<div class=\"elementor-element elementor-element-4aa0b35 elementor-widget elementor-widget-heading\" data-id=\"4aa0b35\" data-element_type=\"widget\" data-widget_type=\"heading.default\">\n\t\t\t\t<div class=\"elementor-widget-container\">\n\t\t\t\t\t<h2 class=\"elementor-heading-title elementor-size-default\">Video Promocional Dia Internacional da Pessoa com Defici\u00eancia - 3 Dezembro 2025<\/h2>\t\t\t\t<\/div>\n\t\t\t\t<\/div>\n\t\t\t\t<div class=\"elementor-element elementor-element-f63c0ca elementor-widget elementor-widget-video\" data-id=\"f63c0ca\" data-element_type=\"widget\" data-settings=\"{&quot;youtube_url&quot;:&quot;https:\\\/\\\/youtube.com\\\/shorts\\\/KFloY9ECOqk?si=7plcdT-ywIbyBy7q&quot;,&quot;video_type&quot;:&quot;youtube&quot;,&quot;controls&quot;:&quot;yes&quot;}\" data-widget_type=\"video.default\">\n\t\t\t\t<div class=\"elementor-widget-container\">\n\t\t\t\t\t\t\t<div class=\"elementor-wrapper elementor-open-inline\">\n\t\t\t<div class=\"elementor-video\"><\/div>\t\t<\/div>\n\t\t\t\t\t\t<\/div>\n\t\t\t\t<\/div>\n\t\t\t\t\t<\/div>\n\t\t<\/div>\n\t\t\t\t\t<\/div>\n\t\t<\/section>\n\t\t\t\t<section class=\"elementor-section elementor-top-section elementor-element elementor-element-22fc69f9 elementor-section-boxed elementor-section-height-default elementor-section-height-default\" data-id=\"22fc69f9\" data-element_type=\"section\">\n\t\t\t\t\t\t<div class=\"elementor-container elementor-column-gap-default\">\n\t\t\t\t\t<div class=\"elementor-column elementor-col-100 elementor-top-column elementor-element elementor-element-6b842219\" data-id=\"6b842219\" data-element_type=\"column\">\n\t\t\t<div class=\"elementor-widget-wrap elementor-element-populated\">\n\t\t\t\t\t\t<div class=\"elementor-element elementor-element-6142bdd elementor-widget elementor-widget-heading\" data-id=\"6142bdd\" data-element_type=\"widget\" data-widget_type=\"heading.default\">\n\t\t\t\t<div class=\"elementor-widget-container\">\n\t\t\t\t\t<h2 class=\"elementor-heading-title elementor-size-default\">Excelentes Not\u00edcias provenientes dos lados da Assembleia da Rep\u00fablica!!! \ud83d\ude01\ud83d\ude01\ud83d\ude01<\/h2>\t\t\t\t<\/div>\n\t\t\t\t<\/div>\n\t\t\t\t<div class=\"elementor-element elementor-element-17041c7a elementor-widget elementor-widget-text-editor\" data-id=\"17041c7a\" data-element_type=\"widget\" data-widget_type=\"text-editor.default\">\n\t\t\t\t<div class=\"elementor-widget-container\">\n\t\t\t\t\t\t\t\t\t<p>&#8220;Boa noite,<br \/>O Projecto de Resolu\u00e7\u00e3o voltou a dar entrada:\u00a0<a href=\"https:\/\/www.parlamento.pt\/ActividadeParlamentar\/Paginas\/DetalheIniciativa.aspx?BID=315634\">https:\/\/www.parlamento.pt\/ActividadeParlamentar\/Paginas\/DetalheIniciativa.aspx?BID=315634<\/a><br \/>Quando for agendado para discuss\u00e3o em Sess\u00e3o Plen\u00e1ria, avis\u00e1-lo(s)-ei.<br \/>Obrigada!&#8221;.<\/p>\n<p>Vamos ver se \u00e9 desta! Com direito a Sess\u00e3o Plen\u00e1ria e tudo!<\/p>\n<p>Melhores cumprimentos<br \/>A Dire\u00e7\u00e3o da Associa\u00e7\u00e3o<\/p>\t\t\t\t\t\t\t\t<\/div>\n\t\t\t\t<\/div>\n\t\t\t\t\t<\/div>\n\t\t<\/div>\n\t\t\t\t\t<\/div>\n\t\t<\/section>\n\t\t\t\t<section class=\"elementor-section elementor-top-section elementor-element elementor-element-5315e50 elementor-section-boxed elementor-section-height-default elementor-section-height-default\" data-id=\"5315e50\" data-element_type=\"section\">\n\t\t\t\t\t\t<div class=\"elementor-container elementor-column-gap-default\">\n\t\t\t\t\t<div class=\"elementor-column elementor-col-100 elementor-top-column elementor-element elementor-element-245c762\" data-id=\"245c762\" data-element_type=\"column\">\n\t\t\t<div class=\"elementor-widget-wrap elementor-element-populated\">\n\t\t\t\t\t\t<div class=\"elementor-element elementor-element-af2de3b elementor-widget elementor-widget-text-editor\" data-id=\"af2de3b\" data-element_type=\"widget\" data-widget_type=\"text-editor.default\">\n\t\t\t\t<div class=\"elementor-widget-container\">\n\t\t\t\t\t\t\t\t\t<p><\/p>\n<figure class=\"wp-block-image size-large\"><a href=\"https:\/\/media.rtp.pt\/agoranos\/artigos\/associacao-ouvir?fbclid=IwAR3hBci37HxMz8ez8rYfWWzET1zWdQrLmj63ASXebnbb0LlbG5WZ7AMIJkI\" target=\"_blank\" rel=\"noopener noreferrer\"><img fetchpriority=\"high\" decoding=\"async\" width=\"750\" height=\"422\" class=\"wp-image-229\" src=\"http:\/\/ouvir.pt\/wp-content\/uploads\/2020\/05\/ouvir-750x422-1.jpg\" alt=\"\" srcset=\"https:\/\/ouvir.pt\/wp-content\/uploads\/2020\/05\/ouvir-750x422-1.jpg 750w, https:\/\/ouvir.pt\/wp-content\/uploads\/2020\/05\/ouvir-750x422-1-300x169.jpg 300w\" sizes=\"(max-width: 750px) 100vw, 750px\" \/><\/a><p><\/p>\n<p>Associa\u00e7\u00e3o OUVIR was interviewed on the program Agora N\u00f3s in 2015<\/p>\n<p><b><i>Click above the image to read the full article<\/i><\/b><\/p>\n<\/figure>\n<p><\/p>\t\t\t\t\t\t\t\t<\/div>\n\t\t\t\t<\/div>\n\t\t\t\t\t<\/div>\n\t\t<\/div>\n\t\t\t\t\t<\/div>\n\t\t<\/section>\n\t\t\t\t<\/div>","protected":false},"excerpt":{"rendered":"<p>Video Promocional Dia Internacional da Pessoa com Defici\u00eancia &#8211; 3 Dezembro 2025 Excelentes Not\u00edcias provenientes dos lados da Assembleia da Rep\u00fablica!!! \ud83d\ude01\ud83d\ude01\ud83d\ude01 &#8220;Boa noite,O Projecto de Resolu\u00e7\u00e3o voltou a dar entrada:\u00a0https:\/\/www.parlamento.pt\/ActividadeParlamentar\/Paginas\/DetalheIniciativa.aspx?BID=315634Quando for agendado para discuss\u00e3o em Sess\u00e3o Plen\u00e1ria, avis\u00e1-lo(s)-ei.Obrigada!&#8221;. Vamos ver se \u00e9 desta! Com direito a Sess\u00e3o Plen\u00e1ria e tudo! Melhores cumprimentosA Dire\u00e7\u00e3o da&hellip;&nbsp;<a href=\"https:\/\/ouvir.pt\/en\/noticias\/\" rel=\"bookmark\">Read More &raquo;<span class=\"screen-reader-text\">News<\/span><\/a><\/p>","protected":false},"author":1,"featured_media":0,"parent":0,"menu_order":0,"comment_status":"closed","ping_status":"closed","template":"","meta":{"_bbp_topic_count":0,"_bbp_reply_count":0,"_bbp_total_topic_count":0,"_bbp_total_reply_count":0,"_bbp_voice_count":0,"_bbp_anonymous_reply_count":0,"_bbp_topic_count_hidden":0,"_bbp_reply_count_hidden":0,"_bbp_forum_subforum_count":0,"neve_meta_sidebar":"full-width","neve_meta_container":"","neve_meta_enable_content_width":"on","neve_meta_content_width":100,"neve_meta_title_alignment":"","neve_meta_author_avatar":"","neve_post_elements_order":"","neve_meta_disable_header":"","neve_meta_disable_footer":"","neve_meta_disable_title":"","footnotes":""},"class_list":["post-228","page","type-page","status-publish","hentry"],"yoast_head":"<!-- This site is optimized with the Yoast SEO plugin v26.8 - https:\/\/yoast.com\/product\/yoast-seo-wordpress\/ -->\n<title>Not\u00edcias - Ouvir<\/title>\n<meta name=\"description\" content=\"Divulga\u00e7\u00e3o das not\u00edcias da ASSOCIA\u00c7\u00c3O PORTUGUESA DE PORTADORES DE PR\u00d3TESES E IMPLANTES AUDITIVOS - surdos, surdos oralizados, surdos oralistas, surdez, surdos que ouvem, aparelhos auditivos, pr\u00f3teses auditivas, implantes auditivos, implantes cocleares, defici\u00eancia auditiva, pessoas com defici\u00eancia auditiva, tecnologia auditiva\" \/>\n<meta name=\"robots\" content=\"index, follow, max-snippet:-1, max-image-preview:large, max-video-preview:-1\" \/>\n<link rel=\"canonical\" href=\"https:\/\/ouvir.pt\/en\/noticias\/\" \/>\n<meta property=\"og:locale\" content=\"en_GB\" \/>\n<meta property=\"og:type\" content=\"article\" \/>\n<meta property=\"og:title\" content=\"Not\u00edcias - Ouvir\" \/>\n<meta property=\"og:description\" content=\"Divulga\u00e7\u00e3o das not\u00edcias da ASSOCIA\u00c7\u00c3O PORTUGUESA DE PORTADORES DE PR\u00d3TESES E IMPLANTES AUDITIVOS - surdos, surdos oralizados, surdos oralistas, surdez, surdos que ouvem, aparelhos auditivos, pr\u00f3teses auditivas, implantes auditivos, implantes cocleares, defici\u00eancia auditiva, pessoas com defici\u00eancia auditiva, tecnologia auditiva\" \/>\n<meta property=\"og:url\" content=\"https:\/\/ouvir.pt\/en\/noticias\/\" \/>\n<meta property=\"og:site_name\" content=\"Ouvir\" \/>\n<meta property=\"article:publisher\" content=\"https:\/\/www.facebook.com\/ouvir.apppia\/\" \/>\n<meta property=\"article:modified_time\" content=\"2026-01-11T08:44:27+00:00\" \/>\n<meta property=\"og:image\" content=\"https:\/\/ouvir.pt\/wp-content\/uploads\/2020\/05\/ouvir-750x422-1.jpg\" \/>\n\t<meta property=\"og:image:width\" content=\"750\" \/>\n\t<meta property=\"og:image:height\" content=\"422\" \/>\n\t<meta property=\"og:image:type\" content=\"image\/jpeg\" \/>\n<meta name=\"twitter:card\" content=\"summary_large_image\" \/>\n<meta name=\"twitter:site\" content=\"@OUVIR1\" \/>\n<meta name=\"twitter:label1\" content=\"Estimated reading time\" \/>\n\t<meta name=\"twitter:data1\" content=\"1 minute\" \/>\n<script type=\"application\/ld+json\" class=\"yoast-schema-graph\">{\"@context\":\"https:\/\/schema.org\",\"@graph\":[{\"@type\":\"WebPage\",\"@id\":\"https:\/\/ouvir.pt\/noticias\/\",\"url\":\"https:\/\/ouvir.pt\/noticias\/\",\"name\":\"Not\u00edcias - Ouvir\",\"isPartOf\":{\"@id\":\"https:\/\/ouvir.pt\/#website\"},\"primaryImageOfPage\":{\"@id\":\"https:\/\/ouvir.pt\/noticias\/#primaryimage\"},\"image\":{\"@id\":\"https:\/\/ouvir.pt\/noticias\/#primaryimage\"},\"thumbnailUrl\":\"http:\/\/ouvir.pt\/wp-content\/uploads\/2020\/05\/ouvir-750x422-1.jpg\",\"datePublished\":\"2020-05-27T11:41:19+00:00\",\"dateModified\":\"2026-01-11T08:44:27+00:00\",\"description\":\"Divulga\u00e7\u00e3o das not\u00edcias da ASSOCIA\u00c7\u00c3O PORTUGUESA DE PORTADORES DE PR\u00d3TESES E IMPLANTES AUDITIVOS - surdos, surdos oralizados, surdos oralistas, surdez, surdos que ouvem, aparelhos auditivos, pr\u00f3teses auditivas, implantes auditivos, implantes cocleares, defici\u00eancia auditiva, pessoas com defici\u00eancia auditiva, tecnologia auditiva\",\"breadcrumb\":{\"@id\":\"https:\/\/ouvir.pt\/noticias\/#breadcrumb\"},\"inLanguage\":\"en-GB\",\"potentialAction\":[{\"@type\":\"ReadAction\",\"target\":[\"https:\/\/ouvir.pt\/noticias\/\"]}]},{\"@type\":\"ImageObject\",\"inLanguage\":\"en-GB\",\"@id\":\"https:\/\/ouvir.pt\/noticias\/#primaryimage\",\"url\":\"http:\/\/ouvir.pt\/wp-content\/uploads\/2020\/05\/ouvir-750x422-1.jpg\",\"contentUrl\":\"http:\/\/ouvir.pt\/wp-content\/uploads\/2020\/05\/ouvir-750x422-1.jpg\"},{\"@type\":\"BreadcrumbList\",\"@id\":\"https:\/\/ouvir.pt\/noticias\/#breadcrumb\",\"itemListElement\":[{\"@type\":\"ListItem\",\"position\":1,\"name\":\"In\u00edcio\",\"item\":\"https:\/\/ouvir.pt\/\"},{\"@type\":\"ListItem\",\"position\":2,\"name\":\"Not\u00edcias\"}]},{\"@type\":\"WebSite\",\"@id\":\"https:\/\/ouvir.pt\/#website\",\"url\":\"https:\/\/ouvir.pt\/\",\"name\":\"Ouvir\",\"description\":\"\",\"publisher\":{\"@id\":\"https:\/\/ouvir.pt\/#organization\"},\"potentialAction\":[{\"@type\":\"SearchAction\",\"target\":{\"@type\":\"EntryPoint\",\"urlTemplate\":\"https:\/\/ouvir.pt\/?s={search_term_string}\"},\"query-input\":{\"@type\":\"PropertyValueSpecification\",\"valueRequired\":true,\"valueName\":\"search_term_string\"}}],\"inLanguage\":\"en-GB\"},{\"@type\":\"Organization\",\"@id\":\"https:\/\/ouvir.pt\/#organization\",\"name\":\"ASSOCIA\u00c7\u00c3O PORTUGUESA DE PORTADORES DE PR\u00d3TESES E IMPLANTES AUDITIVOS\",\"url\":\"https:\/\/ouvir.pt\/\",\"logo\":{\"@type\":\"ImageObject\",\"inLanguage\":\"en-GB\",\"@id\":\"https:\/\/ouvir.pt\/#\/schema\/logo\/image\/\",\"url\":\"https:\/\/ouvir.pt\/wp-content\/uploads\/2020\/05\/logo_ouvir_02.png\",\"contentUrl\":\"https:\/\/ouvir.pt\/wp-content\/uploads\/2020\/05\/logo_ouvir_02.png\",\"width\":1296,\"height\":1580,\"caption\":\"ASSOCIA\u00c7\u00c3O PORTUGUESA DE PORTADORES DE PR\u00d3TESES E IMPLANTES AUDITIVOS\"},\"image\":{\"@id\":\"https:\/\/ouvir.pt\/#\/schema\/logo\/image\/\"},\"sameAs\":[\"https:\/\/www.facebook.com\/ouvir.apppia\/\",\"https:\/\/x.com\/OUVIR1\"]}]}<\/script>\n<!-- \/ Yoast SEO plugin. -->","yoast_head_json":{"title":"Not\u00edcias - Ouvir","description":"Divulga\u00e7\u00e3o das not\u00edcias da ASSOCIA\u00c7\u00c3O PORTUGUESA DE PORTADORES DE PR\u00d3TESES E IMPLANTES AUDITIVOS - surdos, surdos oralizados, surdos oralistas, surdez, surdos que ouvem, aparelhos auditivos, pr\u00f3teses auditivas, implantes auditivos, implantes cocleares, defici\u00eancia auditiva, pessoas com defici\u00eancia auditiva, tecnologia auditiva","robots":{"index":"index","follow":"follow","max-snippet":"max-snippet:-1","max-image-preview":"max-image-preview:large","max-video-preview":"max-video-preview:-1"},"canonical":"https:\/\/ouvir.pt\/en\/noticias\/","og_locale":"en_GB","og_type":"article","og_title":"Not\u00edcias - Ouvir","og_description":"Divulga\u00e7\u00e3o das not\u00edcias da ASSOCIA\u00c7\u00c3O PORTUGUESA DE PORTADORES DE PR\u00d3TESES E IMPLANTES AUDITIVOS - surdos, surdos oralizados, surdos oralistas, surdez, surdos que ouvem, aparelhos auditivos, pr\u00f3teses auditivas, implantes auditivos, implantes cocleares, defici\u00eancia auditiva, pessoas com defici\u00eancia auditiva, tecnologia auditiva","og_url":"https:\/\/ouvir.pt\/en\/noticias\/","og_site_name":"Ouvir","article_publisher":"https:\/\/www.facebook.com\/ouvir.apppia\/","article_modified_time":"2026-01-11T08:44:27+00:00","og_image":[{"width":750,"height":422,"url":"https:\/\/ouvir.pt\/wp-content\/uploads\/2020\/05\/ouvir-750x422-1.jpg","type":"image\/jpeg"}],"twitter_card":"summary_large_image","twitter_site":"@OUVIR1","twitter_misc":{"Estimated reading time":"1 minute"},"schema":{"@context":"https:\/\/schema.org","@graph":[{"@type":"WebPage","@id":"https:\/\/ouvir.pt\/noticias\/","url":"https:\/\/ouvir.pt\/noticias\/","name":"Not\u00edcias - Ouvir","isPartOf":{"@id":"https:\/\/ouvir.pt\/#website"},"primaryImageOfPage":{"@id":"https:\/\/ouvir.pt\/noticias\/#primaryimage"},"image":{"@id":"https:\/\/ouvir.pt\/noticias\/#primaryimage"},"thumbnailUrl":"http:\/\/ouvir.pt\/wp-content\/uploads\/2020\/05\/ouvir-750x422-1.jpg","datePublished":"2020-05-27T11:41:19+00:00","dateModified":"2026-01-11T08:44:27+00:00","description":"Divulga\u00e7\u00e3o das not\u00edcias da ASSOCIA\u00c7\u00c3O PORTUGUESA DE PORTADORES DE PR\u00d3TESES E IMPLANTES AUDITIVOS - surdos, surdos oralizados, surdos oralistas, surdez, surdos que ouvem, aparelhos auditivos, pr\u00f3teses auditivas, implantes auditivos, implantes cocleares, defici\u00eancia auditiva, pessoas com defici\u00eancia auditiva, tecnologia auditiva","breadcrumb":{"@id":"https:\/\/ouvir.pt\/noticias\/#breadcrumb"},"inLanguage":"en-GB","potentialAction":[{"@type":"ReadAction","target":["https:\/\/ouvir.pt\/noticias\/"]}]},{"@type":"ImageObject","inLanguage":"en-GB","@id":"https:\/\/ouvir.pt\/noticias\/#primaryimage","url":"http:\/\/ouvir.pt\/wp-content\/uploads\/2020\/05\/ouvir-750x422-1.jpg","contentUrl":"http:\/\/ouvir.pt\/wp-content\/uploads\/2020\/05\/ouvir-750x422-1.jpg"},{"@type":"BreadcrumbList","@id":"https:\/\/ouvir.pt\/noticias\/#breadcrumb","itemListElement":[{"@type":"ListItem","position":1,"name":"In\u00edcio","item":"https:\/\/ouvir.pt\/"},{"@type":"ListItem","position":2,"name":"Not\u00edcias"}]},{"@type":"WebSite","@id":"https:\/\/ouvir.pt\/#website","url":"https:\/\/ouvir.pt\/","name":"Ouvir","description":"","publisher":{"@id":"https:\/\/ouvir.pt\/#organization"},"potentialAction":[{"@type":"SearchAction","target":{"@type":"EntryPoint","urlTemplate":"https:\/\/ouvir.pt\/?s={search_term_string}"},"query-input":{"@type":"PropertyValueSpecification","valueRequired":true,"valueName":"search_term_string"}}],"inLanguage":"en-GB"},{"@type":"Organization","@id":"https:\/\/ouvir.pt\/#organization","name":"ASSOCIA\u00c7\u00c3O PORTUGUESA DE PORTADORES DE PR\u00d3TESES E IMPLANTES AUDITIVOS","url":"https:\/\/ouvir.pt\/","logo":{"@type":"ImageObject","inLanguage":"en-GB","@id":"https:\/\/ouvir.pt\/#\/schema\/logo\/image\/","url":"https:\/\/ouvir.pt\/wp-content\/uploads\/2020\/05\/logo_ouvir_02.png","contentUrl":"https:\/\/ouvir.pt\/wp-content\/uploads\/2020\/05\/logo_ouvir_02.png","width":1296,"height":1580,"caption":"ASSOCIA\u00c7\u00c3O PORTUGUESA DE PORTADORES DE PR\u00d3TESES E IMPLANTES AUDITIVOS"},"image":{"@id":"https:\/\/ouvir.pt\/#\/schema\/logo\/image\/"},"sameAs":["https:\/\/www.facebook.com\/ouvir.apppia\/","https:\/\/x.com\/OUVIR1"]}]}},"_links":{"self":[{"href":"https:\/\/ouvir.pt\/en\/wp-json\/wp\/v2\/pages\/228","targetHints":{"allow":["GET"]}}],"collection":[{"href":"https:\/\/ouvir.pt\/en\/wp-json\/wp\/v2\/pages"}],"about":[{"href":"https:\/\/ouvir.pt\/en\/wp-json\/wp\/v2\/types\/page"}],"author":[{"embeddable":true,"href":"https:\/\/ouvir.pt\/en\/wp-json\/wp\/v2\/users\/1"}],"replies":[{"embeddable":true,"href":"https:\/\/ouvir.pt\/en\/wp-json\/wp\/v2\/comments?post=228"}],"version-history":[{"count":15,"href":"https:\/\/ouvir.pt\/en\/wp-json\/wp\/v2\/pages\/228\/revisions"}],"predecessor-version":[{"id":459,"href":"https:\/\/ouvir.pt\/en\/wp-json\/wp\/v2\/pages\/228\/revisions\/459"}],"wp:attachment":[{"href":"https:\/\/ouvir.pt\/en\/wp-json\/wp\/v2\/media?parent=228"}],"curies":[{"name":"wp","href":"https:\/\/api.w.org\/{rel}","templated":true}]}}