{"id":244,"date":"2020-06-20T23:37:17","date_gmt":"2020-06-20T23:37:17","guid":{"rendered":"http:\/\/ouvir.pt\/?page_id=244"},"modified":"2020-06-20T23:39:56","modified_gmt":"2020-06-20T23:39:56","slug":"links-uteis","status":"publish","type":"page","link":"https:\/\/ouvir.pt\/en\/links-uteis\/","title":{"rendered":"Useful Links"},"content":{"rendered":"<div data-elementor-type=\"wp-page\" data-elementor-id=\"244\" class=\"elementor elementor-244\">\n\t\t\t\t\t\t<section class=\"elementor-section elementor-top-section elementor-element elementor-element-38a0e9ac elementor-section-boxed elementor-section-height-default elementor-section-height-default\" data-id=\"38a0e9ac\" data-element_type=\"section\">\n\t\t\t\t\t\t<div class=\"elementor-container elementor-column-gap-default\">\n\t\t\t\t\t<div class=\"elementor-column elementor-col-100 elementor-top-column elementor-element elementor-element-7e8990e7\" data-id=\"7e8990e7\" data-element_type=\"column\">\n\t\t\t<div class=\"elementor-widget-wrap elementor-element-populated\">\n\t\t\t\t\t\t<div class=\"elementor-element elementor-element-62d9741 elementor-widget elementor-widget-text-editor\" data-id=\"62d9741\" data-element_type=\"widget\" data-widget_type=\"text-editor.default\">\n\t\t\t\t<div class=\"elementor-widget-container\">\n\t\t\t\t\t\t\t\t\t\n<p>Soon<\/p>\n\t\t\t\t\t\t\t\t<\/div>\n\t\t\t\t<\/div>\n\t\t\t\t\t<\/div>\n\t\t<\/div>\n\t\t\t\t\t<\/div>\n\t\t<\/section>\n\t\t\t\t<\/div>","protected":false},"excerpt":{"rendered":"<p>Soon<\/p>","protected":false},"author":1,"featured_media":0,"parent":0,"menu_order":0,"comment_status":"closed","ping_status":"closed","template":"","meta":{"_bbp_topic_count":0,"_bbp_reply_count":0,"_bbp_total_topic_count":0,"_bbp_total_reply_count":0,"_bbp_voice_count":0,"_bbp_anonymous_reply_count":0,"_bbp_topic_count_hidden":0,"_bbp_reply_count_hidden":0,"_bbp_forum_subforum_count":0,"neve_meta_sidebar":"full-width","neve_meta_container":"","neve_meta_enable_content_width":"on","neve_meta_content_width":100,"neve_meta_title_alignment":"","neve_meta_author_avatar":"","neve_post_elements_order":"","neve_meta_disable_header":"","neve_meta_disable_footer":"","neve_meta_disable_title":"","footnotes":""},"class_list":["post-244","page","type-page","status-publish","hentry"],"yoast_head":"<!-- This site is optimized with the Yoast SEO plugin v26.8 - https:\/\/yoast.com\/product\/yoast-seo-wordpress\/ -->\n<title>Links \u00fateis - Ouvir<\/title>\n<meta name=\"robots\" content=\"index, follow, max-snippet:-1, max-image-preview:large, max-video-preview:-1\" \/>\n<link rel=\"canonical\" href=\"https:\/\/ouvir.pt\/en\/links-uteis\/\" \/>\n<meta property=\"og:locale\" content=\"en_GB\" \/>\n<meta property=\"og:type\" content=\"article\" \/>\n<meta property=\"og:title\" content=\"Links \u00fateis - Ouvir\" \/>\n<meta property=\"og:description\" content=\"Brevemente\" \/>\n<meta property=\"og:url\" content=\"https:\/\/ouvir.pt\/en\/links-uteis\/\" \/>\n<meta property=\"og:site_name\" content=\"Ouvir\" \/>\n<meta property=\"article:publisher\" content=\"https:\/\/www.facebook.com\/ouvir.apppia\/\" \/>\n<meta property=\"article:modified_time\" content=\"2020-06-20T23:39:56+00:00\" \/>\n<meta name=\"twitter:card\" content=\"summary_large_image\" \/>\n<meta name=\"twitter:site\" content=\"@OUVIR1\" \/>\n<script type=\"application\/ld+json\" class=\"yoast-schema-graph\">{\"@context\":\"https:\/\/schema.org\",\"@graph\":[{\"@type\":\"WebPage\",\"@id\":\"https:\/\/ouvir.pt\/links-uteis\/\",\"url\":\"https:\/\/ouvir.pt\/links-uteis\/\",\"name\":\"Links \u00fateis - Ouvir\",\"isPartOf\":{\"@id\":\"https:\/\/ouvir.pt\/#website\"},\"datePublished\":\"2020-06-20T23:37:17+00:00\",\"dateModified\":\"2020-06-20T23:39:56+00:00\",\"breadcrumb\":{\"@id\":\"https:\/\/ouvir.pt\/links-uteis\/#breadcrumb\"},\"inLanguage\":\"en-GB\",\"potentialAction\":[{\"@type\":\"ReadAction\",\"target\":[\"https:\/\/ouvir.pt\/links-uteis\/\"]}]},{\"@type\":\"BreadcrumbList\",\"@id\":\"https:\/\/ouvir.pt\/links-uteis\/#breadcrumb\",\"itemListElement\":[{\"@type\":\"ListItem\",\"position\":1,\"name\":\"In\u00edcio\",\"item\":\"https:\/\/ouvir.pt\/\"},{\"@type\":\"ListItem\",\"position\":2,\"name\":\"Links \u00fateis\"}]},{\"@type\":\"WebSite\",\"@id\":\"https:\/\/ouvir.pt\/#website\",\"url\":\"https:\/\/ouvir.pt\/\",\"name\":\"Ouvir\",\"description\":\"\",\"publisher\":{\"@id\":\"https:\/\/ouvir.pt\/#organization\"},\"potentialAction\":[{\"@type\":\"SearchAction\",\"target\":{\"@type\":\"EntryPoint\",\"urlTemplate\":\"https:\/\/ouvir.pt\/?s={search_term_string}\"},\"query-input\":{\"@type\":\"PropertyValueSpecification\",\"valueRequired\":true,\"valueName\":\"search_term_string\"}}],\"inLanguage\":\"en-GB\"},{\"@type\":\"Organization\",\"@id\":\"https:\/\/ouvir.pt\/#organization\",\"name\":\"ASSOCIA\u00c7\u00c3O PORTUGUESA DE PORTADORES DE PR\u00d3TESES E IMPLANTES AUDITIVOS\",\"url\":\"https:\/\/ouvir.pt\/\",\"logo\":{\"@type\":\"ImageObject\",\"inLanguage\":\"en-GB\",\"@id\":\"https:\/\/ouvir.pt\/#\/schema\/logo\/image\/\",\"url\":\"https:\/\/ouvir.pt\/wp-content\/uploads\/2020\/05\/logo_ouvir_02.png\",\"contentUrl\":\"https:\/\/ouvir.pt\/wp-content\/uploads\/2020\/05\/logo_ouvir_02.png\",\"width\":1296,\"height\":1580,\"caption\":\"ASSOCIA\u00c7\u00c3O PORTUGUESA DE PORTADORES DE PR\u00d3TESES E IMPLANTES AUDITIVOS\"},\"image\":{\"@id\":\"https:\/\/ouvir.pt\/#\/schema\/logo\/image\/\"},\"sameAs\":[\"https:\/\/www.facebook.com\/ouvir.apppia\/\",\"https:\/\/x.com\/OUVIR1\"]}]}<\/script>\n<!-- \/ Yoast SEO plugin. -->","yoast_head_json":{"title":"Links \u00fateis - Ouvir","robots":{"index":"index","follow":"follow","max-snippet":"max-snippet:-1","max-image-preview":"max-image-preview:large","max-video-preview":"max-video-preview:-1"},"canonical":"https:\/\/ouvir.pt\/en\/links-uteis\/","og_locale":"en_GB","og_type":"article","og_title":"Links \u00fateis - Ouvir","og_description":"Brevemente","og_url":"https:\/\/ouvir.pt\/en\/links-uteis\/","og_site_name":"Ouvir","article_publisher":"https:\/\/www.facebook.com\/ouvir.apppia\/","article_modified_time":"2020-06-20T23:39:56+00:00","twitter_card":"summary_large_image","twitter_site":"@OUVIR1","schema":{"@context":"https:\/\/schema.org","@graph":[{"@type":"WebPage","@id":"https:\/\/ouvir.pt\/links-uteis\/","url":"https:\/\/ouvir.pt\/links-uteis\/","name":"Links \u00fateis - Ouvir","isPartOf":{"@id":"https:\/\/ouvir.pt\/#website"},"datePublished":"2020-06-20T23:37:17+00:00","dateModified":"2020-06-20T23:39:56+00:00","breadcrumb":{"@id":"https:\/\/ouvir.pt\/links-uteis\/#breadcrumb"},"inLanguage":"en-GB","potentialAction":[{"@type":"ReadAction","target":["https:\/\/ouvir.pt\/links-uteis\/"]}]},{"@type":"BreadcrumbList","@id":"https:\/\/ouvir.pt\/links-uteis\/#breadcrumb","itemListElement":[{"@type":"ListItem","position":1,"name":"In\u00edcio","item":"https:\/\/ouvir.pt\/"},{"@type":"ListItem","position":2,"name":"Links \u00fateis"}]},{"@type":"WebSite","@id":"https:\/\/ouvir.pt\/#website","url":"https:\/\/ouvir.pt\/","name":"Ouvir","description":"","publisher":{"@id":"https:\/\/ouvir.pt\/#organization"},"potentialAction":[{"@type":"SearchAction","target":{"@type":"EntryPoint","urlTemplate":"https:\/\/ouvir.pt\/?s={search_term_string}"},"query-input":{"@type":"PropertyValueSpecification","valueRequired":true,"valueName":"search_term_string"}}],"inLanguage":"en-GB"},{"@type":"Organization","@id":"https:\/\/ouvir.pt\/#organization","name":"ASSOCIA\u00c7\u00c3O PORTUGUESA DE PORTADORES DE PR\u00d3TESES E IMPLANTES AUDITIVOS","url":"https:\/\/ouvir.pt\/","logo":{"@type":"ImageObject","inLanguage":"en-GB","@id":"https:\/\/ouvir.pt\/#\/schema\/logo\/image\/","url":"https:\/\/ouvir.pt\/wp-content\/uploads\/2020\/05\/logo_ouvir_02.png","contentUrl":"https:\/\/ouvir.pt\/wp-content\/uploads\/2020\/05\/logo_ouvir_02.png","width":1296,"height":1580,"caption":"ASSOCIA\u00c7\u00c3O PORTUGUESA DE PORTADORES DE PR\u00d3TESES E IMPLANTES AUDITIVOS"},"image":{"@id":"https:\/\/ouvir.pt\/#\/schema\/logo\/image\/"},"sameAs":["https:\/\/www.facebook.com\/ouvir.apppia\/","https:\/\/x.com\/OUVIR1"]}]}},"_links":{"self":[{"href":"https:\/\/ouvir.pt\/en\/wp-json\/wp\/v2\/pages\/244","targetHints":{"allow":["GET"]}}],"collection":[{"href":"https:\/\/ouvir.pt\/en\/wp-json\/wp\/v2\/pages"}],"about":[{"href":"https:\/\/ouvir.pt\/en\/wp-json\/wp\/v2\/types\/page"}],"author":[{"embeddable":true,"href":"https:\/\/ouvir.pt\/en\/wp-json\/wp\/v2\/users\/1"}],"replies":[{"embeddable":true,"href":"https:\/\/ouvir.pt\/en\/wp-json\/wp\/v2\/comments?post=244"}],"version-history":[{"count":2,"href":"https:\/\/ouvir.pt\/en\/wp-json\/wp\/v2\/pages\/244\/revisions"}],"predecessor-version":[{"id":247,"href":"https:\/\/ouvir.pt\/en\/wp-json\/wp\/v2\/pages\/244\/revisions\/247"}],"wp:attachment":[{"href":"https:\/\/ouvir.pt\/en\/wp-json\/wp\/v2\/media?parent=244"}],"curies":[{"name":"wp","href":"https:\/\/api.w.org\/{rel}","templated":true}]}}