{"id":329,"date":"2024-06-30T07:31:35","date_gmt":"2024-06-30T07:31:35","guid":{"rendered":"https:\/\/ouvir.pt\/register\/"},"modified":"2024-06-30T08:46:36","modified_gmt":"2024-06-30T08:46:36","slug":"registar","status":"publish","type":"page","link":"https:\/\/ouvir.pt\/en\/registar\/","title":{"rendered":"Register"},"content":{"rendered":"<p class=\"has-text-align-center\">Registration will be approved manually by admin, and only for members of the association.<\/p>\n\n\n\t<div class='user-registration ur-frontend-form  ur-frontend-form--flat' id='user-registration-form-354'>\n\t\t\t\t\t\t\t\t<form method='post' class='register' data-form-id=\"354\"\n\t\t\t\tdata-enable-strength-password=\"1\" data-minimum-password-strength=\"2\"\n\t\t\t\t\t\t\t\t\t\t\t\t\t\t\t data-captcha-enabled=\"\" action=\"\">\n\n\t\t\t\t<div class=\"ur-form-row\" data-row-id=\"0\">\t\t\t\t\t\t\t<div class=\"ur-form-grid ur-grid-1\"\n\t\t\t\t\t\t\t\tstyle=\"width:48%\">\n\t\t\t\t\t\t\t\t\t\t\t\t\t\t\t\t<div  data-field-id=\"user_login\" class=\"ur-field-item field-user_login\" data-ref-id=\"user_login\" data-field-pattern-enabled=\"0\" data-field-pattern-value=\" \" data-field-pattern-message=\" \">\n\t\t\t\t\t\t\t\t\t\t<div class=\"form-row validate-required\" id=\"user_login_field\" data-priority=\"\" ><label for=\"user_login\" class=\"ur-label\">Username <abbr class=\"required\" title=\"required\">*<\/abbr><\/label> <span class=\"input-wrapper\"> <input  data-rules=\"\" data-id=\"user_login\" type=\"text\" class=\"input-text   input-text ur-frontend-field\" name=\"user_login\" id=\"user_login\" placeholder=\"\"  value=\"\" required=\"required\" data-label=\"Nome de utilizador\" data-username-character=\"1\"\/> <\/span> <span class=\"description\">Name used to interact in the site.<\/span><\/div>\t\t\t\t\t\t\t\t\t<\/div>\n\t\t\t\t\t\t\t\t\t\t\t\t\t\t\t\t<\/div>\n\t\t\t\t\t\t\t\t\t\t\t\t\t\t<div class=\"ur-form-grid ur-grid-2\"\n\t\t\t\t\t\t\t\tstyle=\"width:48%\">\n\t\t\t\t\t\t\t\t\t\t\t\t\t\t\t\t<div  data-field-id=\"user_email\" class=\"ur-field-item field-user_email\" data-ref-id=\"user_email\" data-field-pattern-enabled=\"0\" data-field-pattern-value=\" \" data-field-pattern-message=\" \">\n\t\t\t\t\t\t\t\t\t\t<div class=\"form-row validate-required\" id=\"user_email_field\" data-priority=\"\" ><label for=\"user_email\" class=\"ur-label\">Email <abbr class=\"required\" title=\"required\">*<\/abbr><\/label> <span class=\"input-wrapper\"> <input  data-rules=\"\" data-id=\"user_email\" type=\"email\" class=\"input-text   input-email ur-frontend-field\" name=\"user_email\" id=\"user_email\" placeholder=\"\"  value=\"\" required=\"required\" data-label=\"Email\" \/> <\/span> <span class=\"description\">Use the same email used when signing up<\/span><\/div>\t\t\t\t\t\t\t\t\t<\/div>\n\t\t\t\t\t\t\t\t\t\t\t\t\t\t\t\t<\/div>\n\t\t\t\t\t\t\t\t\t\t\t\t\t<\/div>\n\t\t\t\t\t\t<div class=\"ur-form-row\" data-row-id=\"1\">\t\t\t\t\t\t\t<div class=\"ur-form-grid ur-grid-1\"\n\t\t\t\t\t\t\t\tstyle=\"width:48%\">\n\t\t\t\t\t\t\t\t\t\t\t\t\t\t\t\t<div  data-field-id=\"user_pass\" class=\"ur-field-item field-user_pass\" data-ref-id=\"user_pass\" data-field-pattern-enabled=\"0\" data-field-pattern-value=\" \" data-field-pattern-message=\" \">\n\t\t\t\t\t\t\t\t\t\t<div class=\"form-row validate-required hide_show_password\" id=\"user_pass_field\" data-priority=\"\"><label for=\"user_pass\" class=\"ur-label\">Password <abbr class=\"required\" title=\"required\">*<\/abbr><\/label> <span class=\"input-wrapper\"> <span class=\"password-input-group input-form-field-icons\"><input data-rules=\"\" data-id=\"user_pass\" type=\"password\" class=\"input-text  input-password ur-frontend-field\" name=\"user_pass\" id=\"user_pass\" placeholder=\"\"  value=\"\" required=\"required\" data-label=\"Palavra-passe\" \/><a href=\"javaScript:void(0)\" class=\"password_preview dashicons dashicons-hidden\" title=\" Show password \"><\/a><\/span> <\/span> <\/div>\t\t\t\t\t\t\t\t\t<\/div>\n\t\t\t\t\t\t\t\t\t\t\t\t\t\t\t\t<\/div>\n\t\t\t\t\t\t\t\t\t\t\t\t\t\t<div class=\"ur-form-grid ur-grid-2\"\n\t\t\t\t\t\t\t\tstyle=\"width:48%\">\n\t\t\t\t\t\t\t\t\t\t\t\t\t\t\t\t<div  data-field-id=\"user_confirm_password\" class=\"ur-field-item field-user_confirm_password\" data-ref-id=\"user_confirm_password\" data-field-pattern-enabled=\"0\" data-field-pattern-value=\" \" data-field-pattern-message=\" \">\n\t\t\t\t\t\t\t\t\t\t<div class=\"form-row validate-required hide_show_password\" id=\"user_confirm_password_field\" data-priority=\"\"><label for=\"user_confirm_password\" class=\"ur-label\">Confirm Password <abbr class=\"required\" title=\"required\">*<\/abbr><\/label> <span class=\"input-wrapper\"> <span class=\"password-input-group input-form-field-icons\"><input data-rules=\"\" data-id=\"user_confirm_password\" type=\"password\" class=\"input-text  input-password ur-frontend-field\" name=\"user_confirm_password\" id=\"user_confirm_password\" placeholder=\"\"  value=\"\" required=\"required\" data-label=\"Confirme Palavra-passe\" \/><a href=\"javaScript:void(0)\" class=\"password_preview dashicons dashicons-hidden\" title=\" Show password \"><\/a><\/span> <\/span> <\/div>\t\t\t\t\t\t\t\t\t<\/div>\n\t\t\t\t\t\t\t\t\t\t\t\t\t\t\t\t<\/div>\n\t\t\t\t\t\t\t\t\t\t\t\t\t<\/div>\n\t\t\t\t\t\t\t\t\t\t\t\t\t\t\t\t\t\t<div class=\"ur-button-container\" >\n\t\t\t\t\t\t\t\t\t\t\t\t\t\t<button type=\"submit\" class=\"btn button ur-submit-button\"  conditional_rules=\"&quot;&quot;\">\n\t\t\t\t\t\t\t\t<span><\/span>\n\t\t\t\t\t\t\t\tRegister\t\t\t\t\t\t\t<\/button>\n\t\t\t\t\t\t\t\t\t\t\t\t\t\t\t\t\t\t\t\t<\/div>\n\t\t\t\t\t\t\n\t\t\t\t<div style=\"clear:both\"><\/div>\n\t\t\t\t\t\t\t\t<input type=\"hidden\" name=\"ur-registration-language\" value=\"en-GB\"\/>\n\t\t\t\t<input type=\"hidden\" name=\"ur-user-form-id\" value=\"354\"\/>\n\t\t\t\t<input type=\"hidden\" name=\"ur-redirect-url\" value=\"\"\/>\n\t\t\t\t<input type=\"hidden\" id=\"ur_frontend_form_nonce\" name=\"ur_frontend_form_nonce\" value=\"9d59343cbe\" \/>\n\t\t\t\t\n\t\t\t<input type=\"hidden\" name=\"trp-form-language\" value=\"en\"\/><\/form>\n\t\t\t\n\t\t<div style=\"clear:both\"><\/div>\n\t<\/div>","protected":false},"excerpt":{"rendered":"<p>Registration will be approved manually by admin, and only for members of the association.<\/p>","protected":false},"author":2,"featured_media":0,"parent":0,"menu_order":0,"comment_status":"closed","ping_status":"closed","template":"","meta":{"_bbp_topic_count":0,"_bbp_reply_count":0,"_bbp_total_topic_count":0,"_bbp_total_reply_count":0,"_bbp_voice_count":0,"_bbp_anonymous_reply_count":0,"_bbp_topic_count_hidden":0,"_bbp_reply_count_hidden":0,"_bbp_forum_subforum_count":0,"neve_meta_sidebar":"","neve_meta_container":"","neve_meta_enable_content_width":"","neve_meta_content_width":0,"neve_meta_title_alignment":"","neve_meta_author_avatar":"","neve_post_elements_order":"","neve_meta_disable_header":"","neve_meta_disable_footer":"","neve_meta_disable_title":"","footnotes":""},"class_list":["post-329","page","type-page","status-publish","hentry"],"yoast_head":"<!-- This site is optimized with the Yoast SEO plugin v26.8 - https:\/\/yoast.com\/product\/yoast-seo-wordpress\/ -->\n<title>Registar - Ouvir<\/title>\n<meta name=\"robots\" content=\"index, follow, max-snippet:-1, max-image-preview:large, max-video-preview:-1\" \/>\n<link rel=\"canonical\" href=\"https:\/\/ouvir.pt\/en\/registar\/\" \/>\n<meta property=\"og:locale\" content=\"en_GB\" \/>\n<meta property=\"og:type\" content=\"article\" \/>\n<meta property=\"og:title\" content=\"Registar - Ouvir\" \/>\n<meta property=\"og:description\" content=\"Registo pendente de aprova\u00e7\u00e3o pelos administradores, e ser\u00e1 aprovado para membros da associa\u00e7\u00e3o apenas.\" \/>\n<meta property=\"og:url\" content=\"https:\/\/ouvir.pt\/en\/registar\/\" \/>\n<meta property=\"og:site_name\" content=\"Ouvir\" \/>\n<meta property=\"article:publisher\" content=\"https:\/\/www.facebook.com\/ouvir.apppia\/\" \/>\n<meta property=\"article:modified_time\" content=\"2024-06-30T08:46:36+00:00\" \/>\n<meta name=\"twitter:card\" content=\"summary_large_image\" \/>\n<meta name=\"twitter:site\" content=\"@OUVIR1\" \/>\n<meta name=\"twitter:label1\" content=\"Estimated reading time\" \/>\n\t<meta name=\"twitter:data1\" content=\"1 minute\" \/>\n<script type=\"application\/ld+json\" class=\"yoast-schema-graph\">{\"@context\":\"https:\/\/schema.org\",\"@graph\":[{\"@type\":\"WebPage\",\"@id\":\"https:\/\/ouvir.pt\/en\/registar\/\",\"url\":\"https:\/\/ouvir.pt\/en\/registar\/\",\"name\":\"Registar - Ouvir\",\"isPartOf\":{\"@id\":\"https:\/\/ouvir.pt\/#website\"},\"datePublished\":\"2024-06-30T07:31:35+00:00\",\"dateModified\":\"2024-06-30T08:46:36+00:00\",\"breadcrumb\":{\"@id\":\"https:\/\/ouvir.pt\/en\/registar\/#breadcrumb\"},\"inLanguage\":\"en-GB\",\"potentialAction\":[{\"@type\":\"ReadAction\",\"target\":[\"https:\/\/ouvir.pt\/en\/registar\/\"]}]},{\"@type\":\"BreadcrumbList\",\"@id\":\"https:\/\/ouvir.pt\/en\/registar\/#breadcrumb\",\"itemListElement\":[{\"@type\":\"ListItem\",\"position\":1,\"name\":\"In\u00edcio\",\"item\":\"https:\/\/ouvir.pt\/\"},{\"@type\":\"ListItem\",\"position\":2,\"name\":\"Registar\"}]},{\"@type\":\"WebSite\",\"@id\":\"https:\/\/ouvir.pt\/#website\",\"url\":\"https:\/\/ouvir.pt\/\",\"name\":\"Ouvir\",\"description\":\"\",\"publisher\":{\"@id\":\"https:\/\/ouvir.pt\/#organization\"},\"potentialAction\":[{\"@type\":\"SearchAction\",\"target\":{\"@type\":\"EntryPoint\",\"urlTemplate\":\"https:\/\/ouvir.pt\/?s={search_term_string}\"},\"query-input\":{\"@type\":\"PropertyValueSpecification\",\"valueRequired\":true,\"valueName\":\"search_term_string\"}}],\"inLanguage\":\"en-GB\"},{\"@type\":\"Organization\",\"@id\":\"https:\/\/ouvir.pt\/#organization\",\"name\":\"ASSOCIA\u00c7\u00c3O PORTUGUESA DE PORTADORES DE PR\u00d3TESES E IMPLANTES AUDITIVOS\",\"url\":\"https:\/\/ouvir.pt\/\",\"logo\":{\"@type\":\"ImageObject\",\"inLanguage\":\"en-GB\",\"@id\":\"https:\/\/ouvir.pt\/#\/schema\/logo\/image\/\",\"url\":\"https:\/\/ouvir.pt\/wp-content\/uploads\/2020\/05\/logo_ouvir_02.png\",\"contentUrl\":\"https:\/\/ouvir.pt\/wp-content\/uploads\/2020\/05\/logo_ouvir_02.png\",\"width\":1296,\"height\":1580,\"caption\":\"ASSOCIA\u00c7\u00c3O PORTUGUESA DE PORTADORES DE PR\u00d3TESES E IMPLANTES AUDITIVOS\"},\"image\":{\"@id\":\"https:\/\/ouvir.pt\/#\/schema\/logo\/image\/\"},\"sameAs\":[\"https:\/\/www.facebook.com\/ouvir.apppia\/\",\"https:\/\/x.com\/OUVIR1\"]}]}<\/script>\n<!-- \/ Yoast SEO plugin. -->","yoast_head_json":{"title":"Registar - Ouvir","robots":{"index":"index","follow":"follow","max-snippet":"max-snippet:-1","max-image-preview":"max-image-preview:large","max-video-preview":"max-video-preview:-1"},"canonical":"https:\/\/ouvir.pt\/en\/registar\/","og_locale":"en_GB","og_type":"article","og_title":"Registar - Ouvir","og_description":"Registo pendente de aprova\u00e7\u00e3o pelos administradores, e ser\u00e1 aprovado para membros da associa\u00e7\u00e3o apenas.","og_url":"https:\/\/ouvir.pt\/en\/registar\/","og_site_name":"Ouvir","article_publisher":"https:\/\/www.facebook.com\/ouvir.apppia\/","article_modified_time":"2024-06-30T08:46:36+00:00","twitter_card":"summary_large_image","twitter_site":"@OUVIR1","twitter_misc":{"Estimated reading time":"1 minute"},"schema":{"@context":"https:\/\/schema.org","@graph":[{"@type":"WebPage","@id":"https:\/\/ouvir.pt\/en\/registar\/","url":"https:\/\/ouvir.pt\/en\/registar\/","name":"Registar - Ouvir","isPartOf":{"@id":"https:\/\/ouvir.pt\/#website"},"datePublished":"2024-06-30T07:31:35+00:00","dateModified":"2024-06-30T08:46:36+00:00","breadcrumb":{"@id":"https:\/\/ouvir.pt\/en\/registar\/#breadcrumb"},"inLanguage":"en-GB","potentialAction":[{"@type":"ReadAction","target":["https:\/\/ouvir.pt\/en\/registar\/"]}]},{"@type":"BreadcrumbList","@id":"https:\/\/ouvir.pt\/en\/registar\/#breadcrumb","itemListElement":[{"@type":"ListItem","position":1,"name":"In\u00edcio","item":"https:\/\/ouvir.pt\/"},{"@type":"ListItem","position":2,"name":"Registar"}]},{"@type":"WebSite","@id":"https:\/\/ouvir.pt\/#website","url":"https:\/\/ouvir.pt\/","name":"Ouvir","description":"","publisher":{"@id":"https:\/\/ouvir.pt\/#organization"},"potentialAction":[{"@type":"SearchAction","target":{"@type":"EntryPoint","urlTemplate":"https:\/\/ouvir.pt\/?s={search_term_string}"},"query-input":{"@type":"PropertyValueSpecification","valueRequired":true,"valueName":"search_term_string"}}],"inLanguage":"en-GB"},{"@type":"Organization","@id":"https:\/\/ouvir.pt\/#organization","name":"ASSOCIA\u00c7\u00c3O PORTUGUESA DE PORTADORES DE PR\u00d3TESES E IMPLANTES AUDITIVOS","url":"https:\/\/ouvir.pt\/","logo":{"@type":"ImageObject","inLanguage":"en-GB","@id":"https:\/\/ouvir.pt\/#\/schema\/logo\/image\/","url":"https:\/\/ouvir.pt\/wp-content\/uploads\/2020\/05\/logo_ouvir_02.png","contentUrl":"https:\/\/ouvir.pt\/wp-content\/uploads\/2020\/05\/logo_ouvir_02.png","width":1296,"height":1580,"caption":"ASSOCIA\u00c7\u00c3O PORTUGUESA DE PORTADORES DE PR\u00d3TESES E IMPLANTES AUDITIVOS"},"image":{"@id":"https:\/\/ouvir.pt\/#\/schema\/logo\/image\/"},"sameAs":["https:\/\/www.facebook.com\/ouvir.apppia\/","https:\/\/x.com\/OUVIR1"]}]}},"_links":{"self":[{"href":"https:\/\/ouvir.pt\/en\/wp-json\/wp\/v2\/pages\/329","targetHints":{"allow":["GET"]}}],"collection":[{"href":"https:\/\/ouvir.pt\/en\/wp-json\/wp\/v2\/pages"}],"about":[{"href":"https:\/\/ouvir.pt\/en\/wp-json\/wp\/v2\/types\/page"}],"author":[{"embeddable":true,"href":"https:\/\/ouvir.pt\/en\/wp-json\/wp\/v2\/users\/2"}],"replies":[{"embeddable":true,"href":"https:\/\/ouvir.pt\/en\/wp-json\/wp\/v2\/comments?post=329"}],"version-history":[{"count":3,"href":"https:\/\/ouvir.pt\/en\/wp-json\/wp\/v2\/pages\/329\/revisions"}],"predecessor-version":[{"id":356,"href":"https:\/\/ouvir.pt\/en\/wp-json\/wp\/v2\/pages\/329\/revisions\/356"}],"wp:attachment":[{"href":"https:\/\/ouvir.pt\/en\/wp-json\/wp\/v2\/media?parent=329"}],"curies":[{"name":"wp","href":"https:\/\/api.w.org\/{rel}","templated":true}]}}