{"id":332,"date":"2024-06-30T07:31:35","date_gmt":"2024-06-30T07:31:35","guid":{"rendered":"https:\/\/ouvir.pt\/account\/"},"modified":"2024-06-30T08:14:13","modified_gmt":"2024-06-30T08:14:13","slug":"conta","status":"publish","type":"page","link":"https:\/\/ouvir.pt\/en\/conta\/","title":{"rendered":"Account"},"content":{"rendered":"<div id=\"user-registration\" class=\"user-registration\">\n<div class=\"ur-frontend-form login\" id=\"ur-frontend-form\">\n\t\t<form class=\"user-registration-form user-registration-form-login login\" method=\"post\" action=\"\">\n\t\t<div class=\"ur-form-row\">\n\t\t\t<div class=\"ur-form-grid\">\n\t\t\t\t\t\t\t\t\t\t\t\t<div\n\t\t\t\t\tclass=\"user-registration-form-row user-registration-form-row--wide form-row form-row-wide\"\n\t\t\t\t\tdata-field=\"username\">\n\t\t\t\t\t<label for=\"username\">Username or Email <span class=\"required\">*<\/span><\/label>\t\t\t\t\t<span class=\"input-wrapper\">\n\t\t\t\t\t\t<input placeholder=\"\" type=\"text\"\n\t\t\t\t\t\t\t\tclass=\"user-registration-Input user-registration-Input--text input-text\" name=\"username\"\n\t\t\t\t\t\t\t\tid=\"username\"\n\t\t\t\t\t\t\t   value=\"\"\n\t\t\t\t\t\t\t\tstyle=\"\"\n\t\t\t\t\t\t\t\t\t\t\t\t\t\t\/>\n\t\t\t\t\t\t\t\t\t\t\t\t<\/span>\n\t\t\t\t<\/div>\n\t\t\t\t\t\t\t\t\t<div\n\t\t\t\t\t\tclass=\"user-registration-form-row user-registration-form-row--wide form-row form-row-wide hide_show_password\"\n\t\t\t\t\t\tdata-field=\"password\">\n\t\t\t\t\t\t<label for=\"password\">Password <span class=\"required\">*<\/span><\/label>\t\t\t\t\t\t<span class=\"input-wrapper\">\n\t\t\t\t\t\t<span class=\"password-input-group\">\n\t\t\t\t\t\t<input\n\t\t\t\t\t\t\tplaceholder=\"\"\n\t\t\t\t\t\t\tclass=\"user-registration-Input user-registration-Input--text input-text\" type=\"password\"\n\t\t\t\t\t\t\tname=\"password\" id=\"password\"\n\t\t\t\t\t\t\tstyle=\"\"\n\t\t\t\t\t\t\t\t\t\t\t\t\t\/>\n\n\t\t\t\t\t\t\t\t\t\t\t\t<a href=\"javaScript:void(0)\" class=\"password_preview dashicons dashicons-hidden\"\n\t\t\t\t\t\t\ttitle=\"Show password\"><\/a>\n\t\t\t\t\t\t<\/span>\n\t\t\t\t\t\t\t\t\t\t\t\t\t\t\t\t\t\t\t\t<\/span>\n\t\t\t\t\t<\/div>\n\t\t\t\t\t\t\t\t\n\t\t\t\t\t\t\t\t<div class=\"form-row\">\n\t\t\t\t\t<input type=\"hidden\" id=\"user-registration-login-nonce\" name=\"user-registration-login-nonce\" value=\"bf8fae2cd6\" \/><input type=\"hidden\" name=\"_wp_http_referer\" value=\"\/en\/wp-json\/wp\/v2\/pages\/332\" \/>\t\t\t\t\t\t<div class=\"user-registration-before-login-btn\">\n\t\t\t\t\t\t\t\t\t\t\t\t\t\t\t<div class=\"\" data-field=\"remember-me\">\n\t\t\t\t\t\t\t\t\t<label\n\t\t\t\t\t\t\t\t\t\tclass=\"user-registration-form__label user-registration-form__label-for-checkbox inline\">\n\t\t\t\t\t\t\t\t\t\t<input\n\t\t\t\t\t\t\t\t\t\t\tclass=\"user-registration-form__input user-registration-form__input-checkbox\"\n\t\t\t\t\t\t\t\t\t\t\tname=\"rememberme\" type=\"checkbox\" id=\"rememberme\" value=\"forever\"\n\t\t\t\t\t\t\t\t\t\t\t\t\t\t\t\t\t\t\t\t\t\/>\n\t\t\t\t\t\t\t\t\t\t<span>Remember me<\/span>\n\t\t\t\t\t\t\t\t\t<\/label>\n\t\t\t\t\t\t\t\t<\/div>\n\t\t\t\t\t\t\t\t\t\t\t\t\t\t\t\t\t\t\t\t\t\t\t<div data-field=\"lost-password\"\n\t\t\t\t\t\t\t\t\tclass=\"user-registration-LostPassword lost_password\">\n\t\t\t\t\t\t\t\t\t<label\n\t\t\t\t\t\t\t\t\t\tclass=\"user-registration-form__label user-registration-form__label-for-checkbox inline\">\n\t\t\t\t\t\t\t\t\t\t<a href=\"https:\/\/ouvir.pt\/en\/conta\/recuperar-password\/\">Lost your password?<\/a>\n\t\t\t\t\t\t\t\t\t<\/label>\n\t\t\t\t\t\t\t\t<\/div>\n\t\t\t\t\t\t\t\t\t\t\t\t\t\t<\/div>\n\t\t\t\t\t\t\t\t\t\t<\/div>\n\t\t\t\t<div data-field=\"login-button\" class=\"\">\n\t\t\t\t\t\t\t\t\t\t\t\t\t\t\t\t<button type=\"submit\"\n\t\t\t\t\t\t\t\tclass=\"user-registration-Button button ur-submit-button\"\n\t\t\t\t\t\t\t\tname=\"login\"\n\t\t\t\t\t\t\t\tvalue=\"Entrar\">Login<\/button>\n\t\t\t\t\t\t\t\t\t<\/div>\n\t\t\t\t<input type=\"hidden\" name=\"redirect\"\n\t\t\t\t\t\tvalue=\"\"\/>\n\n\t\t\t\t<div class=\"user-registration-register register\" data-field=\"registration-setting\">\t\t\t\t\t\t\t<a href=\"https:\/\/ouvir.pt\/en\/registar\/\"> Not a member yet? Register now.\t\t\t\t\t\t<\/a>\n\t\t\t\t\t\t<\/div>\t\t\t\t\t\t\t<\/div>\n\t\t<\/div>\n\t<input type=\"hidden\" name=\"trp-form-language\" value=\"en\"\/><\/form>\n<\/div>\n\n<\/div>","protected":false},"excerpt":{"rendered":"","protected":false},"author":2,"featured_media":0,"parent":0,"menu_order":0,"comment_status":"closed","ping_status":"closed","template":"","meta":{"_bbp_topic_count":0,"_bbp_reply_count":0,"_bbp_total_topic_count":0,"_bbp_total_reply_count":0,"_bbp_voice_count":0,"_bbp_anonymous_reply_count":0,"_bbp_topic_count_hidden":0,"_bbp_reply_count_hidden":0,"_bbp_forum_subforum_count":0,"neve_meta_sidebar":"","neve_meta_container":"","neve_meta_enable_content_width":"","neve_meta_content_width":0,"neve_meta_title_alignment":"","neve_meta_author_avatar":"","neve_post_elements_order":"","neve_meta_disable_header":"","neve_meta_disable_footer":"","neve_meta_disable_title":"","footnotes":""},"class_list":["post-332","page","type-page","status-publish","hentry"],"yoast_head":"<!-- This site is optimized with the Yoast SEO plugin v26.8 - https:\/\/yoast.com\/product\/yoast-seo-wordpress\/ -->\n<title>Conta - Ouvir<\/title>\n<meta name=\"robots\" content=\"index, follow, max-snippet:-1, max-image-preview:large, max-video-preview:-1\" \/>\n<link rel=\"canonical\" href=\"https:\/\/ouvir.pt\/en\/conta\/\" \/>\n<meta property=\"og:locale\" content=\"en_GB\" \/>\n<meta property=\"og:type\" content=\"article\" \/>\n<meta property=\"og:title\" content=\"Conta - Ouvir\" \/>\n<meta property=\"og:url\" content=\"https:\/\/ouvir.pt\/en\/conta\/\" \/>\n<meta property=\"og:site_name\" content=\"Ouvir\" \/>\n<meta property=\"article:publisher\" content=\"https:\/\/www.facebook.com\/ouvir.apppia\/\" \/>\n<meta property=\"article:modified_time\" content=\"2024-06-30T08:14:13+00:00\" \/>\n<meta name=\"twitter:card\" content=\"summary_large_image\" \/>\n<meta name=\"twitter:site\" content=\"@OUVIR1\" \/>\n<meta name=\"twitter:label1\" content=\"Estimated reading time\" \/>\n\t<meta name=\"twitter:data1\" content=\"1 minute\" \/>\n<script type=\"application\/ld+json\" class=\"yoast-schema-graph\">{\"@context\":\"https:\/\/schema.org\",\"@graph\":[{\"@type\":\"WebPage\",\"@id\":\"https:\/\/ouvir.pt\/conta\/\",\"url\":\"https:\/\/ouvir.pt\/conta\/\",\"name\":\"Conta - Ouvir\",\"isPartOf\":{\"@id\":\"https:\/\/ouvir.pt\/#website\"},\"datePublished\":\"2024-06-30T07:31:35+00:00\",\"dateModified\":\"2024-06-30T08:14:13+00:00\",\"breadcrumb\":{\"@id\":\"https:\/\/ouvir.pt\/conta\/#breadcrumb\"},\"inLanguage\":\"en-GB\",\"potentialAction\":[{\"@type\":\"ReadAction\",\"target\":[\"https:\/\/ouvir.pt\/conta\/\"]}]},{\"@type\":\"BreadcrumbList\",\"@id\":\"https:\/\/ouvir.pt\/conta\/#breadcrumb\",\"itemListElement\":[{\"@type\":\"ListItem\",\"position\":1,\"name\":\"In\u00edcio\",\"item\":\"https:\/\/ouvir.pt\/\"},{\"@type\":\"ListItem\",\"position\":2,\"name\":\"Conta\"}]},{\"@type\":\"WebSite\",\"@id\":\"https:\/\/ouvir.pt\/#website\",\"url\":\"https:\/\/ouvir.pt\/\",\"name\":\"Ouvir\",\"description\":\"\",\"publisher\":{\"@id\":\"https:\/\/ouvir.pt\/#organization\"},\"potentialAction\":[{\"@type\":\"SearchAction\",\"target\":{\"@type\":\"EntryPoint\",\"urlTemplate\":\"https:\/\/ouvir.pt\/?s={search_term_string}\"},\"query-input\":{\"@type\":\"PropertyValueSpecification\",\"valueRequired\":true,\"valueName\":\"search_term_string\"}}],\"inLanguage\":\"en-GB\"},{\"@type\":\"Organization\",\"@id\":\"https:\/\/ouvir.pt\/#organization\",\"name\":\"ASSOCIA\u00c7\u00c3O PORTUGUESA DE PORTADORES DE PR\u00d3TESES E IMPLANTES AUDITIVOS\",\"url\":\"https:\/\/ouvir.pt\/\",\"logo\":{\"@type\":\"ImageObject\",\"inLanguage\":\"en-GB\",\"@id\":\"https:\/\/ouvir.pt\/#\/schema\/logo\/image\/\",\"url\":\"https:\/\/ouvir.pt\/wp-content\/uploads\/2020\/05\/logo_ouvir_02.png\",\"contentUrl\":\"https:\/\/ouvir.pt\/wp-content\/uploads\/2020\/05\/logo_ouvir_02.png\",\"width\":1296,\"height\":1580,\"caption\":\"ASSOCIA\u00c7\u00c3O PORTUGUESA DE PORTADORES DE PR\u00d3TESES E IMPLANTES AUDITIVOS\"},\"image\":{\"@id\":\"https:\/\/ouvir.pt\/#\/schema\/logo\/image\/\"},\"sameAs\":[\"https:\/\/www.facebook.com\/ouvir.apppia\/\",\"https:\/\/x.com\/OUVIR1\"]}]}<\/script>\n<!-- \/ Yoast SEO plugin. -->","yoast_head_json":{"title":"Conta - Ouvir","robots":{"index":"index","follow":"follow","max-snippet":"max-snippet:-1","max-image-preview":"max-image-preview:large","max-video-preview":"max-video-preview:-1"},"canonical":"https:\/\/ouvir.pt\/en\/conta\/","og_locale":"en_GB","og_type":"article","og_title":"Conta - Ouvir","og_url":"https:\/\/ouvir.pt\/en\/conta\/","og_site_name":"Ouvir","article_publisher":"https:\/\/www.facebook.com\/ouvir.apppia\/","article_modified_time":"2024-06-30T08:14:13+00:00","twitter_card":"summary_large_image","twitter_site":"@OUVIR1","twitter_misc":{"Estimated reading time":"1 minute"},"schema":{"@context":"https:\/\/schema.org","@graph":[{"@type":"WebPage","@id":"https:\/\/ouvir.pt\/conta\/","url":"https:\/\/ouvir.pt\/conta\/","name":"Conta - Ouvir","isPartOf":{"@id":"https:\/\/ouvir.pt\/#website"},"datePublished":"2024-06-30T07:31:35+00:00","dateModified":"2024-06-30T08:14:13+00:00","breadcrumb":{"@id":"https:\/\/ouvir.pt\/conta\/#breadcrumb"},"inLanguage":"en-GB","potentialAction":[{"@type":"ReadAction","target":["https:\/\/ouvir.pt\/conta\/"]}]},{"@type":"BreadcrumbList","@id":"https:\/\/ouvir.pt\/conta\/#breadcrumb","itemListElement":[{"@type":"ListItem","position":1,"name":"In\u00edcio","item":"https:\/\/ouvir.pt\/"},{"@type":"ListItem","position":2,"name":"Conta"}]},{"@type":"WebSite","@id":"https:\/\/ouvir.pt\/#website","url":"https:\/\/ouvir.pt\/","name":"Ouvir","description":"","publisher":{"@id":"https:\/\/ouvir.pt\/#organization"},"potentialAction":[{"@type":"SearchAction","target":{"@type":"EntryPoint","urlTemplate":"https:\/\/ouvir.pt\/?s={search_term_string}"},"query-input":{"@type":"PropertyValueSpecification","valueRequired":true,"valueName":"search_term_string"}}],"inLanguage":"en-GB"},{"@type":"Organization","@id":"https:\/\/ouvir.pt\/#organization","name":"ASSOCIA\u00c7\u00c3O PORTUGUESA DE PORTADORES DE PR\u00d3TESES E IMPLANTES AUDITIVOS","url":"https:\/\/ouvir.pt\/","logo":{"@type":"ImageObject","inLanguage":"en-GB","@id":"https:\/\/ouvir.pt\/#\/schema\/logo\/image\/","url":"https:\/\/ouvir.pt\/wp-content\/uploads\/2020\/05\/logo_ouvir_02.png","contentUrl":"https:\/\/ouvir.pt\/wp-content\/uploads\/2020\/05\/logo_ouvir_02.png","width":1296,"height":1580,"caption":"ASSOCIA\u00c7\u00c3O PORTUGUESA DE PORTADORES DE PR\u00d3TESES E IMPLANTES AUDITIVOS"},"image":{"@id":"https:\/\/ouvir.pt\/#\/schema\/logo\/image\/"},"sameAs":["https:\/\/www.facebook.com\/ouvir.apppia\/","https:\/\/x.com\/OUVIR1"]}]}},"_links":{"self":[{"href":"https:\/\/ouvir.pt\/en\/wp-json\/wp\/v2\/pages\/332","targetHints":{"allow":["GET"]}}],"collection":[{"href":"https:\/\/ouvir.pt\/en\/wp-json\/wp\/v2\/pages"}],"about":[{"href":"https:\/\/ouvir.pt\/en\/wp-json\/wp\/v2\/types\/page"}],"author":[{"embeddable":true,"href":"https:\/\/ouvir.pt\/en\/wp-json\/wp\/v2\/users\/2"}],"replies":[{"embeddable":true,"href":"https:\/\/ouvir.pt\/en\/wp-json\/wp\/v2\/comments?post=332"}],"version-history":[{"count":2,"href":"https:\/\/ouvir.pt\/en\/wp-json\/wp\/v2\/pages\/332\/revisions"}],"predecessor-version":[{"id":353,"href":"https:\/\/ouvir.pt\/en\/wp-json\/wp\/v2\/pages\/332\/revisions\/353"}],"wp:attachment":[{"href":"https:\/\/ouvir.pt\/en\/wp-json\/wp\/v2\/media?parent=332"}],"curies":[{"name":"wp","href":"https:\/\/api.w.org\/{rel}","templated":true}]}}