{"id":389,"date":"2024-11-26T20:33:24","date_gmt":"2024-11-26T20:33:24","guid":{"rendered":"https:\/\/ouvir.pt\/?page_id=389"},"modified":"2024-11-26T20:33:25","modified_gmt":"2024-11-26T20:33:25","slug":"constituicao","status":"publish","type":"page","link":"https:\/\/ouvir.pt\/en\/constituicao\/","title":{"rendered":"CONSTITUI\u00c7\u00c3O"},"content":{"rendered":"<h2 class=\"wp-block-heading\">CONSTITUI\u00c7\u00c3O DA ASSOCIA\u00c7\u00c3O OUVIR<\/h2>\n\n\n\n<h3 class=\"wp-block-heading\">Tri\u00e9nio de 2024 a 2027<\/h3>\n\n\n\n<h4 class=\"wp-block-heading\">\u00d3rg\u00e3os Sociais<\/h4>\n\n\n\n<p><strong>Mesa de Assembleia Geral:<br><\/strong>Presidente &#8211; Pedro Costa<br>Secret\u00e1rio\/a &#8211; Mariana Pizarro<br>Secret\u00e1rio\/a &#8211; a designar<\/p>\n\n\n\n<p><strong>Dire\u00e7\u00e3o:<br><\/strong>Presidente &#8211; Ant\u00f3nio Ricardo Miranda<br>Vice-Presidente &#8211; Humberto Andrade<br>Secret\u00e1rio\/a &#8211; Jos\u00e9 Almeida<\/p>\n\n\n\n<p><strong>Conselho Fiscal:<br><\/strong>Presidente &#8211; Paulo Ri\u00e7o<br>Secret\u00e1rio\/a &#8211; Tiago Parente<br>Secret\u00e1rio\/a &#8211; a designar<\/p>\n\n\n\n<p><strong>Conselho Consultivo:<br><\/strong>1o\/a Vogal &#8211; Jo\u00e3o Paulo Mota<br>2o\/a Vogal &#8211; Jo\u00e3o Gil Martins<br>3o\/a Vogal &#8211; Pedro Br\u00e1s da Silva<\/p>\n\n\n\n<p><strong>S\u00f3cios Honor\u00e1rios<\/strong><\/p>\n\n\n\n<ul class=\"wp-block-list\">\n<li>Dr. Manuel Filipe Rodrigues<\/li>\n\n\n\n<li>Dr. Fernando Rodrigues<\/li>\n\n\n\n<li>Dra. Luisa Monteiro<\/li>\n\n\n\n<li>Dr. Pedro Br\u00e1s da Silva<\/li>\n\n\n\n<li>Prof. Dr. Pedro Alberto Escada<\/li>\n\n\n\n<li>Eng. Humberto Pintado<\/li>\n\n\n\n<li>Prof. Dr. Jorge Humberto Martins<\/li>\n\n\n\n<li>Prof. Dra. Helena Caria<\/li>\n\n\n\n<li>Dr. Jo\u00e3o El\u00f3i Moura<\/li>\n\n\n\n<li>Prof. Dr. David Tom\u00e9<\/li>\n\n\n\n<li>Jo\u00e3o Gil Martins<\/li>\n\n\n\n<li>Prof. Dra. Fernanda Gentil<\/li>\n\n\n\n<li>Maria Alice In\u00e1cio<\/li>\n\n\n\n<li>Dr. Lu\u00eds Filipe Silva<\/li>\n\n\n\n<li>Dr. Miguel S\u00e1 Breda<\/li>\n\n\n\n<li>Dr. Leonel Lu\u00eds<\/li>\n\n\n\n<li>Dr. Andr\u00e9 Vasconcelos<\/li>\n<\/ul>","protected":false},"excerpt":{"rendered":"<p>CONSTITUI\u00c7\u00c3O DA ASSOCIA\u00c7\u00c3O OUVIR Tri\u00e9nio de 2024 a 2027 \u00d3rg\u00e3os Sociais Mesa de Assembleia Geral:Presidente &#8211; Pedro CostaSecret\u00e1rio\/a &#8211; Mariana PizarroSecret\u00e1rio\/a &#8211; a designar Dire\u00e7\u00e3o:Presidente &#8211; Ant\u00f3nio Ricardo MirandaVice-Presidente &#8211; Humberto AndradeSecret\u00e1rio\/a &#8211; Jos\u00e9 Almeida Conselho Fiscal:Presidente &#8211; Paulo Ri\u00e7oSecret\u00e1rio\/a &#8211; Tiago ParenteSecret\u00e1rio\/a &#8211; a designar Conselho Consultivo:1o\/a Vogal &#8211; Jo\u00e3o Paulo Mota2o\/a Vogal &#8211;&hellip;&nbsp;<a href=\"https:\/\/ouvir.pt\/en\/constituicao\/\" rel=\"bookmark\">Read More &raquo;<span class=\"screen-reader-text\">CONSTITUI\u00c7\u00c3O<\/span><\/a><\/p>","protected":false},"author":2,"featured_media":0,"parent":0,"menu_order":0,"comment_status":"closed","ping_status":"closed","template":"","meta":{"_bbp_topic_count":0,"_bbp_reply_count":0,"_bbp_total_topic_count":0,"_bbp_total_reply_count":0,"_bbp_voice_count":0,"_bbp_anonymous_reply_count":0,"_bbp_topic_count_hidden":0,"_bbp_reply_count_hidden":0,"_bbp_forum_subforum_count":0,"neve_meta_sidebar":"","neve_meta_container":"","neve_meta_enable_content_width":"","neve_meta_content_width":0,"neve_meta_title_alignment":"","neve_meta_author_avatar":"","neve_post_elements_order":"","neve_meta_disable_header":"","neve_meta_disable_footer":"","neve_meta_disable_title":"","footnotes":""},"class_list":["post-389","page","type-page","status-publish","hentry"],"yoast_head":"<!-- This site is optimized with the Yoast SEO plugin v26.8 - https:\/\/yoast.com\/product\/yoast-seo-wordpress\/ -->\n<title>CONSTITUI\u00c7\u00c3O - Ouvir<\/title>\n<meta name=\"robots\" content=\"index, follow, max-snippet:-1, max-image-preview:large, max-video-preview:-1\" \/>\n<link rel=\"canonical\" href=\"https:\/\/ouvir.pt\/en\/constituicao\/\" \/>\n<meta property=\"og:locale\" content=\"en_GB\" \/>\n<meta property=\"og:type\" content=\"article\" \/>\n<meta property=\"og:title\" content=\"CONSTITUI\u00c7\u00c3O - Ouvir\" \/>\n<meta property=\"og:description\" content=\"CONSTITUI\u00c7\u00c3O DA ASSOCIA\u00c7\u00c3O OUVIR Tri\u00e9nio de 2024 a 2027 \u00d3rg\u00e3os Sociais Mesa de Assembleia Geral:Presidente &#8211; Pedro CostaSecret\u00e1rio\/a &#8211; Mariana PizarroSecret\u00e1rio\/a &#8211; a designar Dire\u00e7\u00e3o:Presidente &#8211; Ant\u00f3nio Ricardo MirandaVice-Presidente &#8211; Humberto AndradeSecret\u00e1rio\/a &#8211; Jos\u00e9 Almeida Conselho Fiscal:Presidente &#8211; Paulo Ri\u00e7oSecret\u00e1rio\/a &#8211; Tiago ParenteSecret\u00e1rio\/a &#8211; a designar Conselho Consultivo:1o\/a Vogal &#8211; Jo\u00e3o Paulo Mota2o\/a Vogal &#8211;&hellip;&nbsp;Read More &raquo;CONSTITUI\u00c7\u00c3O\" \/>\n<meta property=\"og:url\" content=\"https:\/\/ouvir.pt\/en\/constituicao\/\" \/>\n<meta property=\"og:site_name\" content=\"Ouvir\" \/>\n<meta property=\"article:publisher\" content=\"https:\/\/www.facebook.com\/ouvir.apppia\/\" \/>\n<meta property=\"article:modified_time\" content=\"2024-11-26T20:33:25+00:00\" \/>\n<meta name=\"twitter:card\" content=\"summary_large_image\" \/>\n<meta name=\"twitter:site\" content=\"@OUVIR1\" \/>\n<meta name=\"twitter:label1\" content=\"Estimated reading time\" \/>\n\t<meta name=\"twitter:data1\" content=\"1 minute\" \/>\n<script type=\"application\/ld+json\" class=\"yoast-schema-graph\">{\"@context\":\"https:\/\/schema.org\",\"@graph\":[{\"@type\":\"WebPage\",\"@id\":\"https:\/\/ouvir.pt\/en\/constituicao\/\",\"url\":\"https:\/\/ouvir.pt\/en\/constituicao\/\",\"name\":\"CONSTITUI\u00c7\u00c3O - Ouvir\",\"isPartOf\":{\"@id\":\"https:\/\/ouvir.pt\/#website\"},\"datePublished\":\"2024-11-26T20:33:24+00:00\",\"dateModified\":\"2024-11-26T20:33:25+00:00\",\"breadcrumb\":{\"@id\":\"https:\/\/ouvir.pt\/en\/constituicao\/#breadcrumb\"},\"inLanguage\":\"en-GB\",\"potentialAction\":[{\"@type\":\"ReadAction\",\"target\":[\"https:\/\/ouvir.pt\/en\/constituicao\/\"]}]},{\"@type\":\"BreadcrumbList\",\"@id\":\"https:\/\/ouvir.pt\/en\/constituicao\/#breadcrumb\",\"itemListElement\":[{\"@type\":\"ListItem\",\"position\":1,\"name\":\"In\u00edcio\",\"item\":\"https:\/\/ouvir.pt\/\"},{\"@type\":\"ListItem\",\"position\":2,\"name\":\"CONSTITUI\u00c7\u00c3O\"}]},{\"@type\":\"WebSite\",\"@id\":\"https:\/\/ouvir.pt\/#website\",\"url\":\"https:\/\/ouvir.pt\/\",\"name\":\"Ouvir\",\"description\":\"\",\"publisher\":{\"@id\":\"https:\/\/ouvir.pt\/#organization\"},\"potentialAction\":[{\"@type\":\"SearchAction\",\"target\":{\"@type\":\"EntryPoint\",\"urlTemplate\":\"https:\/\/ouvir.pt\/?s={search_term_string}\"},\"query-input\":{\"@type\":\"PropertyValueSpecification\",\"valueRequired\":true,\"valueName\":\"search_term_string\"}}],\"inLanguage\":\"en-GB\"},{\"@type\":\"Organization\",\"@id\":\"https:\/\/ouvir.pt\/#organization\",\"name\":\"ASSOCIA\u00c7\u00c3O PORTUGUESA DE PORTADORES DE PR\u00d3TESES E IMPLANTES AUDITIVOS\",\"url\":\"https:\/\/ouvir.pt\/\",\"logo\":{\"@type\":\"ImageObject\",\"inLanguage\":\"en-GB\",\"@id\":\"https:\/\/ouvir.pt\/#\/schema\/logo\/image\/\",\"url\":\"https:\/\/ouvir.pt\/wp-content\/uploads\/2020\/05\/logo_ouvir_02.png\",\"contentUrl\":\"https:\/\/ouvir.pt\/wp-content\/uploads\/2020\/05\/logo_ouvir_02.png\",\"width\":1296,\"height\":1580,\"caption\":\"ASSOCIA\u00c7\u00c3O PORTUGUESA DE PORTADORES DE PR\u00d3TESES E IMPLANTES AUDITIVOS\"},\"image\":{\"@id\":\"https:\/\/ouvir.pt\/#\/schema\/logo\/image\/\"},\"sameAs\":[\"https:\/\/www.facebook.com\/ouvir.apppia\/\",\"https:\/\/x.com\/OUVIR1\"]}]}<\/script>\n<!-- \/ Yoast SEO plugin. -->","yoast_head_json":{"title":"CONSTITUI\u00c7\u00c3O - Ouvir","robots":{"index":"index","follow":"follow","max-snippet":"max-snippet:-1","max-image-preview":"max-image-preview:large","max-video-preview":"max-video-preview:-1"},"canonical":"https:\/\/ouvir.pt\/en\/constituicao\/","og_locale":"en_GB","og_type":"article","og_title":"CONSTITUI\u00c7\u00c3O - Ouvir","og_description":"CONSTITUI\u00c7\u00c3O DA ASSOCIA\u00c7\u00c3O OUVIR Tri\u00e9nio de 2024 a 2027 \u00d3rg\u00e3os Sociais Mesa de Assembleia Geral:Presidente &#8211; Pedro CostaSecret\u00e1rio\/a &#8211; Mariana PizarroSecret\u00e1rio\/a &#8211; a designar Dire\u00e7\u00e3o:Presidente &#8211; Ant\u00f3nio Ricardo MirandaVice-Presidente &#8211; Humberto AndradeSecret\u00e1rio\/a &#8211; Jos\u00e9 Almeida Conselho Fiscal:Presidente &#8211; Paulo Ri\u00e7oSecret\u00e1rio\/a &#8211; Tiago ParenteSecret\u00e1rio\/a &#8211; a designar Conselho Consultivo:1o\/a Vogal &#8211; Jo\u00e3o Paulo Mota2o\/a Vogal &#8211;&hellip;&nbsp;Read More &raquo;CONSTITUI\u00c7\u00c3O","og_url":"https:\/\/ouvir.pt\/en\/constituicao\/","og_site_name":"Ouvir","article_publisher":"https:\/\/www.facebook.com\/ouvir.apppia\/","article_modified_time":"2024-11-26T20:33:25+00:00","twitter_card":"summary_large_image","twitter_site":"@OUVIR1","twitter_misc":{"Estimated reading time":"1 minute"},"schema":{"@context":"https:\/\/schema.org","@graph":[{"@type":"WebPage","@id":"https:\/\/ouvir.pt\/en\/constituicao\/","url":"https:\/\/ouvir.pt\/en\/constituicao\/","name":"CONSTITUI\u00c7\u00c3O - Ouvir","isPartOf":{"@id":"https:\/\/ouvir.pt\/#website"},"datePublished":"2024-11-26T20:33:24+00:00","dateModified":"2024-11-26T20:33:25+00:00","breadcrumb":{"@id":"https:\/\/ouvir.pt\/en\/constituicao\/#breadcrumb"},"inLanguage":"en-GB","potentialAction":[{"@type":"ReadAction","target":["https:\/\/ouvir.pt\/en\/constituicao\/"]}]},{"@type":"BreadcrumbList","@id":"https:\/\/ouvir.pt\/en\/constituicao\/#breadcrumb","itemListElement":[{"@type":"ListItem","position":1,"name":"In\u00edcio","item":"https:\/\/ouvir.pt\/"},{"@type":"ListItem","position":2,"name":"CONSTITUI\u00c7\u00c3O"}]},{"@type":"WebSite","@id":"https:\/\/ouvir.pt\/#website","url":"https:\/\/ouvir.pt\/","name":"Ouvir","description":"","publisher":{"@id":"https:\/\/ouvir.pt\/#organization"},"potentialAction":[{"@type":"SearchAction","target":{"@type":"EntryPoint","urlTemplate":"https:\/\/ouvir.pt\/?s={search_term_string}"},"query-input":{"@type":"PropertyValueSpecification","valueRequired":true,"valueName":"search_term_string"}}],"inLanguage":"en-GB"},{"@type":"Organization","@id":"https:\/\/ouvir.pt\/#organization","name":"ASSOCIA\u00c7\u00c3O PORTUGUESA DE PORTADORES DE PR\u00d3TESES E IMPLANTES AUDITIVOS","url":"https:\/\/ouvir.pt\/","logo":{"@type":"ImageObject","inLanguage":"en-GB","@id":"https:\/\/ouvir.pt\/#\/schema\/logo\/image\/","url":"https:\/\/ouvir.pt\/wp-content\/uploads\/2020\/05\/logo_ouvir_02.png","contentUrl":"https:\/\/ouvir.pt\/wp-content\/uploads\/2020\/05\/logo_ouvir_02.png","width":1296,"height":1580,"caption":"ASSOCIA\u00c7\u00c3O PORTUGUESA DE PORTADORES DE PR\u00d3TESES E IMPLANTES AUDITIVOS"},"image":{"@id":"https:\/\/ouvir.pt\/#\/schema\/logo\/image\/"},"sameAs":["https:\/\/www.facebook.com\/ouvir.apppia\/","https:\/\/x.com\/OUVIR1"]}]}},"_links":{"self":[{"href":"https:\/\/ouvir.pt\/en\/wp-json\/wp\/v2\/pages\/389","targetHints":{"allow":["GET"]}}],"collection":[{"href":"https:\/\/ouvir.pt\/en\/wp-json\/wp\/v2\/pages"}],"about":[{"href":"https:\/\/ouvir.pt\/en\/wp-json\/wp\/v2\/types\/page"}],"author":[{"embeddable":true,"href":"https:\/\/ouvir.pt\/en\/wp-json\/wp\/v2\/users\/2"}],"replies":[{"embeddable":true,"href":"https:\/\/ouvir.pt\/en\/wp-json\/wp\/v2\/comments?post=389"}],"version-history":[{"count":1,"href":"https:\/\/ouvir.pt\/en\/wp-json\/wp\/v2\/pages\/389\/revisions"}],"predecessor-version":[{"id":390,"href":"https:\/\/ouvir.pt\/en\/wp-json\/wp\/v2\/pages\/389\/revisions\/390"}],"wp:attachment":[{"href":"https:\/\/ouvir.pt\/en\/wp-json\/wp\/v2\/media?parent=389"}],"curies":[{"name":"wp","href":"https:\/\/api.w.org\/{rel}","templated":true}]}}