{"id":8,"date":"2020-05-18T10:46:21","date_gmt":"2020-05-18T10:46:21","guid":{"rendered":"http:\/\/ouvir.pt\/?page_id=8"},"modified":"2025-05-22T09:09:26","modified_gmt":"2025-05-22T09:09:26","slug":"parcerias","status":"publish","type":"page","link":"https:\/\/ouvir.pt\/en\/parcerias\/","title":{"rendered":"Partnerships"},"content":{"rendered":"<div class=\"wp-block-columns is-layout-flex wp-container-core-columns-is-layout-9d6595d7 wp-block-columns-is-layout-flex\">\n<div class=\"wp-block-column is-layout-flow wp-block-column-is-layout-flow\">\n<h2 class=\"wp-block-heading\">PARCEIROS &#8211; CENTROS DE REABILITA\u00c7\u00c3O AUDITIVA:<\/h2>\n\n\n\n<p>Pr\u00f3teses Auditivas &#8211; p<br>Implantes Auditivos &#8211; i<br>Terapia da Fala &#8211; tf<br>Outros Parceiros &#8211; o<\/p>\n\n\n\n<p>Activsom (p)<br>Acusis (p)<br>Ac\u00fastica + (Mais) (p)<br>Audika (p)<br>Advanced Bionics\/Lusit\u00e2nia Solu\u00e7\u00f5es (i)<br>APTF &#8211; Associa\u00e7\u00e3o Portuguesa de Terapia da Fala (o)<br>Auditiv (p)<br>Auditiva+ (p)<br>Belacustica (p)<br>Casa Sonotone (p)<br>Cl\u00ednica Auditiva (p)<br>CPA &#8211; Centro Portugu\u00eas Auditivo (p)<br>Espa\u00e7o Crescer (tf)<br>Espa\u00e7o Vertigem e Audi\u00e7\u00e3o (p)<br>Felicity Terapias (tf)<br>Instituto Auditivo (p)<br>LabFala &#8211; Laborat\u00f3rio da Fala (tf)<br>Med-El (i)<br>Minisom\/Amplifon (p)<br>OtoVida (p)<br>OuviCare (p)<br>Protiaudio (p)<br>Sa\u00fade Ac\u00fastica (p)<br>Sonobel (p)<br>SPTF &#8211; Sociedade Portuguesa de Terapia da Fala (o)<br>Widex\/WS Audiology\/Cochlear (p\/i)<\/p>\n\n\n\n<h2 class=\"wp-block-heading\">Parceiros e seus tipos de servi\u00e7os<\/h2>\n\n\n\n<h3 class=\"wp-block-heading\">Pr\u00f3teses Auditivas (p):<\/h3>\n\n\n\n<p><strong>Activsom &#8211; <a href=\"http:\/\/activsom.pt\">activsom.pt<\/a><\/strong><\/p>\n\n\n\n<p>Largo do Rossio, 66<br>3530-133 Mangualde<\/p>\n\n\n\n<p><strong>Acusis &#8211; <a href=\"http:\/\/acusis.com.pt\">acusis.com.pt<\/a><\/strong><\/p>\n\n\n\n<p>Rua J\u00falio Dinis<br>N\u00ba 767, 4050-326 Porto<br>Ao lado da confeitaria Pet\u00falia.<\/p>\n\n\n\n<p><strong>Ac\u00fastica + (Mais) &#8211; <a href=\"http:\/\/acusticamais.pt\">acusticamais.pt<\/a><\/strong><\/p>\n\n\n\n<p>Praceta Fraternidade Universal<br>2735-106 Agualva-Cac\u00e9m<\/p>\n\n\n\n<p><strong>Audika &#8211; <a href=\"http:\/\/acusticamedica.pt\">acusticamedica.pt<\/a><br><\/strong>Rua Luis de Cam\u00f5es, 2<br>2200-421, Abrantes<\/p>\n\n\n\n<p>Rua do Mediterr\u00e2neo, Lt.07 &#8211; Lojas J+L<br>8200-156, Albufeira<\/p>\n\n\n\n<p>Rua Jo\u00e3o de Deus Ramos (Centro Comercial Gafa &#8211; Lj. 11), 2460-055, Alcoba\u00e7a<\/p>\n\n\n\n<p>Rua Luis de Cam\u00f5es, 8 &#8211; B, 1495-081, Alg\u00e9s<\/p>\n\n\n\n<p>Avenida Dom Nuno \u00c1lvares Pereira, 78 &#8211; A, 2800-177, Almada<\/p>\n\n\n\n<p>Pra\u00e7a de Rep\u00fablica, 10, 7700-023, Almod\u00f4var<\/p>\n\n\n\n<p>Av. Capit\u00e3o Jo\u00e3o de Almeida Mele\u00e7as, 34 &#8211; A, 2615-096, Alverca<\/p>\n\n\n\n<p>Rua Elias Garcia, 239, 2700-320, Amadora<\/p>\n\n\n\n<p>Rua C\u00e2ndido dos Reis, 302, Amarante<\/p>\n\n\n\n<p>Travessa Quinta do Conde, 4 &#8211; Lj. C, 2845-391, Amora<\/p>\n\n\n\n<p>Av. Jos\u00e9 Augusto de Carvalho, 3300-014, Arganil<\/p>\n\n\n\n<p>Avenida Doutor Louren\u00e7o Peixinho, 112, 3800-159, Aveiro<\/p>\n\n\n\n<p>Avenida Alcaide de Faria, 445, 4750-106, Barcelos<\/p>\n\n\n\n<p>Rua Miguel Bombarda, 26, 2830-355, Barreiro<\/p>\n\n\n\n<p>Rua de M\u00e9rtola, 17, 7800-475, Beja<\/p>\n\n\n\n<p>Rua do Souto, 61, 4700-329, Braga<\/p>\n\n\n\n<p>Avenida Jo\u00e3o da Cruz, 22, 5300-178, Bragan\u00e7a<\/p>\n\n\n\n<p>Avenida dos Bons Amigos, 40, 2735-073, Cac\u00e9m<\/p>\n\n\n\n<p>Rua Almirante C\u00e2ndido dos Reis, 17, 2500-125, Caldas da Rainha<\/p>\n\n\n\n<p>Pra\u00e7a Marqu\u00eas de Marialva, Edif. Combatentes II, 3060-133, Cantanhede<\/p>\n\n\n\n<p>Rua Serpa Pinto, 4, 2070-116, Cartaxo<\/p>\n\n\n\n<p>Alameda Combatentes Grande Guerra, 247 &#8211; A (Edif. S\u00e3o Jos\u00e9), 2750-326, Cascais<\/p>\n\n\n\n<p>Avenida 1\u00ba de Maio, 111, 6000-086, Castelo Branco<\/p>\n\n\n\n<p>Rua de Santo Ant\u00f3nio, 49, 5400-069, Chaves<\/p>\n\n\n\n<p>Rua Ferreira Borges, 60 (Escadas de S\u00e3o Bartolomeu), 3000-363, Coimbra<\/p>\n\n\n\n<p>Rua Dr. Alfredo Pires Miranda, 14, 3150-135, Condeixa<\/p>\n\n\n\n<p>Rua de Santar\u00e9m, 21, 2100-226, Coruche<\/p>\n\n\n\n<p>Rua Comendador Campos Melo, 99, 6200-007, Covilh\u00e3<\/p>\n\n\n\n<p>Rua de Alcamim, 43, 7350-074, Elvas<\/p>\n\n\n\n<p>Rua Lu\u00eds Falc\u00e3o Sommer, n\u00ba80, 2330-176, Entroncamento<\/p>\n\n\n\n<p>Rua 19, 201, 4500-256, Espinho<\/p>\n\n\n\n<p>Rua Capit\u00e3o Mouzinho Albuquerque, 38, 7100-519, Estremoz<\/p>\n\n\n\n<p>Rua Serpa Pinto, 65, 4820-285, Fafe<\/p>\n\n\n\n<p>Rua Vasconcelos e Castro, 24, 4760-169, Famalic\u00e3o<\/p>\n\n\n\n<p>Rua Pinheiro Chagas, 28, 8000-406, Faro<\/p>\n\n\n\n<p>Rua da Republica, 187 &#8211; R\/c Dto., 3080-036, Figueira da Foz<\/p>\n\n\n\n<p>Rua Bombeiros Volunt\u00e1rios, 32, 3260-419, Figueir\u00f3 dos Vinhos<\/p>\n\n\n\n<p>Avenida da Liberdade, 77, 6230-398, Fund\u00e3o<\/p>\n\n\n\n<p>Avenida da Republica, 1348, 4430-192, Gaia<\/p>\n\n\n\n<p>Rua 25 de Abril, 266, 4420-356, Gondomar<\/p>\n\n\n\n<p>Av. 1\u00ba de Maio, 1, 6290-518, Gouveia<\/p>\n\n\n\n<p>Rua Humberto Delgado, 42 A, 7570-362, Gr\u00e2ndola<\/p>\n\n\n\n<p>Rua do Comercio, 17, 6300-712, Guarda<\/p>\n\n\n\n<p>Largo do Toural, 90, 4810-427, Guimar\u00e3es<\/p>\n\n\n\n<p>Av. dos Descobrimentos, 45, 8600-645, Lagos<\/p>\n\n\n\n<p>Avenida 5 de Outubro, 6 &#8211; A, 5100-065, Lamego<\/p>\n\n\n\n<p>Pra\u00e7a da Portela, 194, 2810-270, Laranjeiro<\/p>\n\n\n\n<p>Avenida Her\u00f3is de Angola, 28, 2400-153, Leiria<\/p>\n\n\n\n<p>https:\/\/www.acusticamedica.pt\/centros\/todos (s\u00e3o muitos!)<\/p>\n\n\n\n<p><strong>Auditiv &#8211; <a href=\"http:\/\/auditiv.pt\">auditiv.pt<\/a><\/strong><\/p>\n\n\n\n<p><strong>Auditiva+ &#8211; <a href=\"http:\/\/auditivamais.pt\">auditivamais.pt<\/a><\/strong><\/p>\n\n\n\n<p>Av. das For\u00e7as Armadas &nbsp;4, 8\u00ba E&nbsp;(Entrecampos)<\/p>\n\n\n\n<p><strong>Belacustica &#8211; <a href=\"http:\/\/belacustica.pt\">belacustica.pt<\/a><\/strong><\/p>\n\n\n\n<p>Rua Brigadeiro Fernando Alberto<br>de Oliveira, 39 &#8211; R\/c Esq\u00ba<br>2615-080 Alverca do Ribatejo<\/p>\n\n\n\n<p><strong>Casa Sonotone &#8211; <a href=\"http:\/\/casasonotone.com\">casasonotone.com<\/a><\/strong><\/p>\n\n\n\n<p>Rua Padeiras 73,1\u00ba-D<br>3000-311 Coimbra<\/p>\n\n\n\n<p>Rua Arco Marqu\u00eas de Alegrete 4E<br>1100-034 Lisboa<\/p>\n\n\n\n<p>Pra\u00e7a da Batalha, 92 &#8211; 1\u00ba<br>4000-102 Porto<\/p>\n\n\n\n<p>Avenida General Humberto Delgado, n\u00ba 4 A \/ B<br>2860-021 Alhos Vedros<\/p>\n\n\n\n<p>Rua Lus\u00edadas, n\u00ba 16 &#8211; R\/c Dt\u00ba<br>2625-435 Forte da Casa<\/p>\n\n\n\n<p><strong>Clinicas M\u00e9dicas Amatos Lusitanus, Lda.<br><\/strong>Rua Ferreira de Castro, 31, Loja 112-113<\/p>\n\n\n\n<p><strong>Cl\u00ednica Auditiva (no Facebook)<\/strong><\/p>\n\n\n\n<p>Av. 25 de Abril, 25 Loja B, Pontinha<\/p>\n\n\n\n<p><strong>CPA &#8211; Centro Portugu\u00eas Auditivo &#8211; <a href=\"http:\/\/centroportuguesauditivo.pt\">centroportuguesauditivo.pt<\/a><\/strong><\/p>\n\n\n\n<p>Av. General Humberto Delgado n\u00ba28B<br>Torres Vedras 2560-272<\/p>\n\n\n\n<p>Pra\u00e7a da Rep\u00fablica n\u00ba17\/18<br>Caldas da Rainha 2500-798<\/p>\n\n\n\n<p>R. Elias Garcia n\u00ba180B Bairro do Bosque<br>Amadora 2700-332<\/p>\n\n\n\n<p>Avenida da Funda\u00e7\u00e3o n\u00ba11C<br>Cova da Piedade &#8211; Almada 2805-152<\/p>\n\n\n\n<p>R. Pedro Canavarro n\u00ba8<br>Santar\u00e9m 2000-030<\/p>\n\n\n\n<p>Avenida 5 de Outubro n\u00ba49<br>Set\u00fabal 2900-311<\/p>\n\n\n\n<p>Rua de Santa Luzia n\u00ba8<br>Pombal 3100-483<\/p>\n\n\n\n<p>R. Dr. Manuel Rodrigues 12<br>Coimbra 3000-258<\/p>\n\n\n\n<p>Rua Soares dos Reis n\u00ba703<br>Gaia 4400-317<\/p>\n\n\n\n<p>Avenida Central n\u00ba166<br>Braga 4710-229<\/p>\n\n\n\n<p>Rua Nova de Santana n\u00ba40<br>Viana do Castelo 4900-530<\/p>\n\n\n\n<p><strong>Espa\u00e7o Vertigem e Audi\u00e7\u00e3o &#8211; <a href=\"http:\/\/espaco-va.com\">espaco-va.com<\/a><\/strong><\/p>\n\n\n\n<p>Av. Beato Nuno 412<br>2495-401 F\u00e1tima<\/p>\n\n\n\n<p><strong>Instituto Auditivo &#8211; <a href=\"http:\/\/instituto-auditivo.pt\">instituto-auditivo.pt<\/a><\/strong><\/p>\n\n\n\n<p>R. Santo Ant\u00f3nio 45<br>5400-069 Chaves<\/p>\n\n\n\n<p><strong>Minisom\/Amplifon &#8211; <a href=\"http:\/\/minisom.pt\">minisom.pt<\/a><\/strong><\/p>\n\n\n\n\n<div class=\"wpgmza-store-locator wpgmza_sl_main_div\" data-id=\"1\">\r\n\t<div class=\"wpgmza-address-container wpgmza-form-field wpgmza_sl_query_div wpgmza-clearfix\">\r\n\t\t<label class=\"wpgmza-address wpgmza-form-field__label wpgmza-form-field__label--float\" data-name=\"addressLabel\" for=\"addressInput\">ZIP \/ Address:<\/label>\r\n\t\t<input class=\"wpgmza-address\" type=\"text\" placeholder=\"Enter a location\" autocomplete=\"off\" data-name=\"defaultAddress\" value=\"\" id=\"addressInput\" size=\"20\">\r\n\t<\/div>\r\n\t\r\n\t<div class=\"wpgmza-radius-container wpgmza-form-field wpgmza_sl_radius_div wpgmza-clearfix\">\r\n\t\t<label class=\"wpgmza-radius wpgmza-form-field__label wpgmza-form-field__label--float\" for=\"radiusSelect\">\r\n\t\t\tRadius:\t\t<\/label>\r\n\t\t<select class=\"wpgmza-radius wpgmza-form-field__input wpgmza_sl_radius_select\" id=\"radiusSelect\"><option class=\"wpgmza-radius wpgmza_sl_select_option\" value=\"1\">1km<\/option><option class=\"wpgmza-radius wpgmza_sl_select_option\" value=\"5\">5km<\/option><option class=\"wpgmza-radius wpgmza_sl_select_option\" value=\"10\" selected>10km<\/option><option class=\"wpgmza-radius wpgmza_sl_select_option\" value=\"25\">25km<\/option><option class=\"wpgmza-radius wpgmza_sl_select_option\" value=\"50\">50km<\/option><option class=\"wpgmza-radius wpgmza_sl_select_option\" value=\"75\">75km<\/option><option class=\"wpgmza-radius wpgmza_sl_select_option\" value=\"100\">100km<\/option><option class=\"wpgmza-radius wpgmza_sl_select_option\" value=\"150\">150km<\/option><option class=\"wpgmza-radius wpgmza_sl_select_option\" value=\"200\">200km<\/option><option class=\"wpgmza-radius wpgmza_sl_select_option\" value=\"300\">300km<\/option><\/select>\r\n\t<\/div>\r\n\t\r\n\t<input class=\"wpgmza-search wpgmza_sl_search_button wpgmza_sl_search_button_1\" value=\"Search\" type=\"button\" onclick=\"searchLocations(1)\">\r\n\t\r\n\t<div class=\"wpgmza-no-results wpgmza-not-found-msg js-not-found-msg\" style=\"display: none;\">\r\n\t\t<p data-name=\"notFoundMessage\">No results found in this location. Please try again.<\/p>\r\n\t<\/div>\r\n<\/div><div id=\"wpgmza_map\" class=\"wpgmza_map\" data-settings='{\"id\":\"1\",\"map_title\":\"Centros Minisom\",\"map_width\":\"100\",\"map_height\":\"400\",\"map_start_lat\":\"39.500308807808125\",\"map_start_lng\":\"-7.834239962846127\",\"map_start_location\":\"45.950464398418106,-109.81550500000003\",\"map_start_zoom\":\"6\",\"default_marker\":\"\",\"type\":\"0\",\"alignment\":\"4\",\"directions_enabled\":\"0\",\"styling_enabled\":\"0\",\"styling_json\":\"\",\"active\":\"0\",\"kml\":\"\",\"bicycle\":\"0\",\"traffic\":\"0\",\"dbox\":\"0\",\"dbox_width\":\"\",\"listmarkers\":\"0\",\"listmarkers_advanced\":\"0\",\"filterbycat\":\"0\",\"ugm_enabled\":\"0\",\"ugm_category_enabled\":\"0\",\"fusion\":\"\",\"map_width_type\":\"%\",\"map_height_type\":\"px\",\"mass_marker_support\":\"0\",\"ugm_access\":\"0\",\"order_markers_by\":\"0\",\"order_markers_choice\":\"0\",\"show_user_location\":\"0\",\"default_to\":\"\",\"other_settings\":{\"map_type\":1,\"sl_stroke_color\":\"\",\"sl_fill_color\":\"\",\"sl_stroke_opacity\":\"\",\"sl_fill_opacity\":\"\",\"transport_layer\":false,\"action\":\"wpgmza_save_map\",\"redirect_to\":\"\\\/wp-admin\\\/admin-post.php\",\"map_id\":\"1\",\"http_referer\":\"\\\/wp-admin\\\/admin.php?page=wp-google-maps-menu&amp;amp;action=edit&amp;amp;map_id=1\",\"wpgmza_id\":\"1\",\"wpgmza_start_location\":\"39.500308807808125,-7.834239962846127\",\"wpgmza_start_zoom\":\"6\",\"store_locator_enabled\":true,\"store_locator_search_area\":\"radial\",\"wpgmza_store_locator_radius_style\":\"legacy\",\"wpgmza_store_locator_default_radius\":\"10\",\"store_locator_auto_area_max_zoom\":\"\",\"store_locator_distance\":false,\"wpgmza_store_locator_position\":false,\"store_locator_show_distance\":false,\"store_locator_category\":false,\"wpgmza_store_locator_use_their_location\":false,\"wpgmza_store_locator_bounce\":false,\"wpgmza_sl_animation\":null,\"wpgmza_store_locator_hide_before_search\":false,\"store_locator_query_string\":\"\",\"store_locator_location_placeholder\":\"\",\"store_locator_default_address\":\"\",\"store_locator_name_search\":false,\"store_locator_name_string\":\"\",\"store_locator_not_found_message\":\"\",\"wpgmza_map_align\":\"1\",\"jump_to_nearest_marker_on_initialization\":false,\"automatically_pan_to_users_location\":false,\"override_users_location_zoom_level\":false,\"override_users_location_zoom_levels\":\"\",\"show_distance_from_location\":false,\"map_max_zoom\":\"21\",\"map_min_zoom\":\"0\",\"click_open_link\":false,\"fit_maps_bounds_to_markers\":false,\"fit_maps_bounds_to_markers_after_filtering\":false,\"hide_point_of_interest\":false,\"wpgmza_zoom_on_marker_click\":false,\"wpgmza_zoom_on_marker_click_slider\":\"\",\"close_infowindow_on_map_click\":false,\"disable_lightbox_images\":false,\"use_Raw_Jpeg_Coordinates\":false,\"disable_polygon_info_windows\":false,\"enable_marker_ratings\":false,\"enable_marker_labels\":false,\"only_load_markers_within_viewport\":false,\"zoom_level_mobile_override_enabled\":false,\"zoom_level_mobile_override\":\"\",\"iw_primary_color\":\"#000000\",\"iw_accent_color\":\"#000000\",\"iw_text_color\":\"#000000\",\"wpgmza_listmarkers_by\":\"0\",\"wpgmza_marker_listing_position\":false,\"zoom_level_on_marker_listing_override\":false,\"zoom_level_on_marker_listing_click\":\"\",\"marker_listing_disable_zoom\":false,\"datatable_no_result_message\":\"\",\"remove_search_box_datables\":false,\"dataTable_pagination_style\":null,\"datatable_search_string\":\"\",\"datatable_result_start\":\"\",\"datatable_result_of\":\"\",\"datatable_result_to\":\"\",\"datatable_result_total\":\"\",\"datatable_result_show\":\"\",\"datatable_result_entries\":\"\",\"wpgmza_savemap\":\"Salvar o mapa \\u00bb\"}}' data-map-id='1' data-maps-engine='open-layers' data-shortcode-attributes='{\"id\":\"1\"}' style=\"display:block; overflow:auto; width:100%; height:400px; float:left;\"><\/div>\n\n\n\n<p><strong>OtoVida &#8211; <a href=\"http:\/\/otovida.pt\">otovida.pt<\/a><\/strong><\/p>\n\n\n\n<p>Av. 5 de Outubro, 20A<br>1050-056 Lisboa<\/p>\n\n\n\n<p>Av. Dom Nuno \u00c1lvares Pereira, 27B<br>2800-179 Almada<\/p>\n\n\n\n<p>Rua da Rep\u00fablica 21A,<br>2670-457 Loures<\/p>\n\n\n\n<p>R. Jos\u00e9 Branquinho 5B<br>3510-061 Viseu<\/p>\n\n\n\n<p><strong>OuviCare &#8211; <a href=\"http:\/\/ouvicare2.webnode.pt\">ouvicare2.webnode.pt<\/a><\/strong><\/p>\n\n\n\n<p>Rua Monte Crasto &#8211; Edif\u00edcio Mafavis 48 &#8211; Loja 24, 4420-210, Gondomar<\/p>\n\n\n\n<p><strong>Protiaudio &#8211; <a href=\"http:\/\/protiaudio.pt\">protiaudio.pt<\/a><\/strong><\/p>\n\n\n\n<p>Rua da Lou\u00e7a N\u00ba77<br>3000-243 Coimbra<\/p>\n\n\n\n<p>Viseu<\/p>\n\n\n\n<p><strong>Sa\u00fade Ac\u00fastica &#8211; <a href=\"http:\/\/saudeacustica.pt\">saudeacustica.pt<\/a><\/strong><\/p>\n\n\n\n<p>Av. Republica da Guin\u00e9 Bissau, 11 1\u00ba A<br>2900-588 Set\u00fabal<\/p>\n\n\n\n<p>Rua de Oliven\u00e7a, 43<br>2950-256 Palmela<\/p>\n\n\n\n<p><strong>Sonobel &#8211; <a href=\"http:\/\/sonobel.pt\">sonobel.pt<\/a><\/strong><\/p>\n\n\n\n<p>Avenida Combatentes da Grande Guerra, 496<br>4450-642 Le\u00e7a da Palmeira<\/p>\n\n\n\n<p>Rua Augusto Sim\u00f5es, 833<br>4470-147 Maia<\/p>\n\n\n\n<p>Avenida Lu\u00eds de Cam\u00f5es, 45<br>4900-473 Viana do Castelo<\/p>\n\n\n\n<p><strong>Widex\/WS Audiology\/Cochlear &#8211; <a href=\"http:\/\/widex.pt\">widex.pt<\/a><\/strong><\/p>\n\n\n\n<h3 class=\"wp-block-heading\">Implantes Auditivos (i):<\/h3>\n\n\n\n<p><strong>Advanced Bionics\/Lusit\u00e2nia Solu\u00e7\u00f5es &#8211; <a href=\"http:\/\/lusitaniasolucoes.pt\">lusitaniasolucoes.pt<\/a><\/strong><\/p>\n\n\n\n<p>Rua de Dom Manuel II 51C, 5\u00ba Escrit\u00f3rio 5.1,<br>4050-345 Porto<\/p>\n\n\n\n<p><strong>Med-El<\/strong><\/p>\n\n\n\n<p>Av. S\u00e1 da Bandeira, 111, R\/c<br>3000-351 Coimbra<\/p>\n\n\n\n<p><strong>Widex\/WS Audiology\/Cochlear<\/strong><\/p>\n\n\n\n<h3 class=\"wp-block-heading\">Terapia da Fala (tf):<\/h3>\n\n\n\n<p><strong>Espa\u00e7o Crescer &#8211; <a href=\"http:\/\/espaco-crescer.com\">espaco-crescer.com<\/a><\/strong><\/p>\n\n\n\n<p>Rua da Igreja, 29B&nbsp;<br>2865-061 Fern\u00e3o Ferro<\/p>\n\n\n\n<p><strong>Felicity Terapias &#8211; <a href=\"http:\/\/felicity.com.pt\">felicity.com.pt<\/a><\/strong><\/p>\n\n\n\n<p>Avenida Ant\u00f3nio Santos Leite, 628, 648<br>4470-142 Maia<\/p>\n\n\n\n<p><strong>LabFala &#8211; Laborat\u00f3rio da Fala &#8211; <a href=\"http:\/\/labfala.pt\">labfala.pt<\/a><\/strong><\/p>\n\n\n\n<p>P\u00f3voa de Santa Iria (Sede)<\/p>\n\n\n\n<p>Odivelas<\/p>\n\n\n\n<h2 class=\"wp-block-heading\">Outros Parceiros (o):<\/h2>\n\n\n\n<p><strong>APTF &#8211; Associa\u00e7\u00e3o Portuguesa de Terapeutas da Fala<br><\/strong><a href=\"http:\/\/aptf1978.wixsite.com\/aptf\">aptf1978.wixsite.com\/aptf<\/a><\/p>\n\n\n\n<p><strong>Hotel Oslo (Coimbra)<br><\/strong><a href=\"http:\/\/hoteloslo-coimbra.pt\">hoteloslo-coimbra.pt<\/a><\/p>\n\n\n\n<p><strong>Inspira Hotels (Lisboa)<br><\/strong><a href=\"http:\/\/inspirahotels.com\">inspirahotels.com<\/a><\/p>\n\n\n\n<p><strong>Profala<\/strong><br><a href=\"http:\/\/profala.com\">profala.com<\/a><\/p>\n\n\n\n<p><strong>SPTF &#8211; Sociedade Portuguesa de Terapia da Fala<br><\/strong><a href=\"http:\/\/sptf.org.pt\">sptf.org.pt<\/a><\/p>\n<\/div>\n<\/div>","protected":false},"excerpt":{"rendered":"<p>PARCEIROS &#8211; CENTROS DE REABILITA\u00c7\u00c3O AUDITIVA: Pr\u00f3teses Auditivas &#8211; pImplantes Auditivos &#8211; iTerapia da Fala &#8211; tfOutros Parceiros &#8211; o Activsom (p)Acusis (p)Ac\u00fastica + (Mais) (p)Audika (p)Advanced Bionics\/Lusit\u00e2nia Solu\u00e7\u00f5es (i)APTF &#8211; Associa\u00e7\u00e3o Portuguesa de Terapia da Fala (o)Auditiv (p)Auditiva+ (p)Belacustica (p)Casa Sonotone (p)Cl\u00ednica Auditiva (p)CPA &#8211; Centro Portugu\u00eas Auditivo (p)Espa\u00e7o Crescer (tf)Espa\u00e7o Vertigem e Audi\u00e7\u00e3o&hellip;&nbsp;<a href=\"https:\/\/ouvir.pt\/en\/parcerias\/\" rel=\"bookmark\">Read More &raquo;<span class=\"screen-reader-text\">Partnerships<\/span><\/a><\/p>","protected":false},"author":1,"featured_media":0,"parent":0,"menu_order":0,"comment_status":"closed","ping_status":"closed","template":"","meta":{"_bbp_topic_count":0,"_bbp_reply_count":0,"_bbp_total_topic_count":0,"_bbp_total_reply_count":0,"_bbp_voice_count":0,"_bbp_anonymous_reply_count":0,"_bbp_topic_count_hidden":0,"_bbp_reply_count_hidden":0,"_bbp_forum_subforum_count":0,"neve_meta_sidebar":"","neve_meta_container":"","neve_meta_enable_content_width":"off","neve_meta_content_width":0,"neve_meta_title_alignment":"","neve_meta_author_avatar":"","neve_post_elements_order":"","neve_meta_disable_header":"","neve_meta_disable_footer":"","neve_meta_disable_title":"","footnotes":""},"class_list":["post-8","page","type-page","status-publish","hentry"],"yoast_head":"<!-- This site is optimized with the Yoast SEO plugin v26.8 - https:\/\/yoast.com\/product\/yoast-seo-wordpress\/ -->\n<title>Parcerias - Ouvir<\/title>\n<meta name=\"description\" content=\"Quem s\u00e3o as nossas parceiras? - surdos, surdos oralizados, surdos oralistas, surdez, surdos que ouvem, aparelhos auditivos, pr\u00f3teses auditivas, implantes auditivos, implantes cocleares, defici\u00eancia auditiva, pessoas com defici\u00eancia auditiva, tecnologia auditiva\" \/>\n<meta name=\"robots\" content=\"index, follow, max-snippet:-1, max-image-preview:large, max-video-preview:-1\" \/>\n<link rel=\"canonical\" href=\"https:\/\/ouvir.pt\/en\/parcerias\/\" \/>\n<meta property=\"og:locale\" content=\"en_GB\" \/>\n<meta property=\"og:type\" content=\"article\" \/>\n<meta property=\"og:title\" content=\"Parcerias - Ouvir\" \/>\n<meta property=\"og:description\" content=\"Quem s\u00e3o as nossas parceiras? - surdos, surdos oralizados, surdos oralistas, surdez, surdos que ouvem, aparelhos auditivos, pr\u00f3teses auditivas, implantes auditivos, implantes cocleares, defici\u00eancia auditiva, pessoas com defici\u00eancia auditiva, tecnologia auditiva\" \/>\n<meta property=\"og:url\" content=\"https:\/\/ouvir.pt\/en\/parcerias\/\" \/>\n<meta property=\"og:site_name\" content=\"Ouvir\" \/>\n<meta property=\"article:publisher\" content=\"https:\/\/www.facebook.com\/ouvir.apppia\/\" \/>\n<meta property=\"article:modified_time\" content=\"2025-05-22T09:09:26+00:00\" \/>\n<meta name=\"twitter:card\" content=\"summary_large_image\" \/>\n<meta name=\"twitter:site\" content=\"@OUVIR1\" \/>\n<meta name=\"twitter:label1\" content=\"Estimated reading time\" \/>\n\t<meta name=\"twitter:data1\" content=\"5 minutes\" \/>\n<script type=\"application\/ld+json\" class=\"yoast-schema-graph\">{\"@context\":\"https:\/\/schema.org\",\"@graph\":[{\"@type\":\"WebPage\",\"@id\":\"https:\/\/ouvir.pt\/parcerias\/\",\"url\":\"https:\/\/ouvir.pt\/parcerias\/\",\"name\":\"Parcerias - Ouvir\",\"isPartOf\":{\"@id\":\"https:\/\/ouvir.pt\/#website\"},\"datePublished\":\"2020-05-18T10:46:21+00:00\",\"dateModified\":\"2025-05-22T09:09:26+00:00\",\"description\":\"Quem s\u00e3o as nossas parceiras? - surdos, surdos oralizados, surdos oralistas, surdez, surdos que ouvem, aparelhos auditivos, pr\u00f3teses auditivas, implantes auditivos, implantes cocleares, defici\u00eancia auditiva, pessoas com defici\u00eancia auditiva, tecnologia auditiva\",\"breadcrumb\":{\"@id\":\"https:\/\/ouvir.pt\/parcerias\/#breadcrumb\"},\"inLanguage\":\"en-GB\",\"potentialAction\":[{\"@type\":\"ReadAction\",\"target\":[\"https:\/\/ouvir.pt\/parcerias\/\"]}]},{\"@type\":\"BreadcrumbList\",\"@id\":\"https:\/\/ouvir.pt\/parcerias\/#breadcrumb\",\"itemListElement\":[{\"@type\":\"ListItem\",\"position\":1,\"name\":\"In\u00edcio\",\"item\":\"https:\/\/ouvir.pt\/\"},{\"@type\":\"ListItem\",\"position\":2,\"name\":\"Parcerias\"}]},{\"@type\":\"WebSite\",\"@id\":\"https:\/\/ouvir.pt\/#website\",\"url\":\"https:\/\/ouvir.pt\/\",\"name\":\"Ouvir\",\"description\":\"\",\"publisher\":{\"@id\":\"https:\/\/ouvir.pt\/#organization\"},\"potentialAction\":[{\"@type\":\"SearchAction\",\"target\":{\"@type\":\"EntryPoint\",\"urlTemplate\":\"https:\/\/ouvir.pt\/?s={search_term_string}\"},\"query-input\":{\"@type\":\"PropertyValueSpecification\",\"valueRequired\":true,\"valueName\":\"search_term_string\"}}],\"inLanguage\":\"en-GB\"},{\"@type\":\"Organization\",\"@id\":\"https:\/\/ouvir.pt\/#organization\",\"name\":\"ASSOCIA\u00c7\u00c3O PORTUGUESA DE PORTADORES DE PR\u00d3TESES E IMPLANTES AUDITIVOS\",\"url\":\"https:\/\/ouvir.pt\/\",\"logo\":{\"@type\":\"ImageObject\",\"inLanguage\":\"en-GB\",\"@id\":\"https:\/\/ouvir.pt\/#\/schema\/logo\/image\/\",\"url\":\"https:\/\/ouvir.pt\/wp-content\/uploads\/2020\/05\/logo_ouvir_02.png\",\"contentUrl\":\"https:\/\/ouvir.pt\/wp-content\/uploads\/2020\/05\/logo_ouvir_02.png\",\"width\":1296,\"height\":1580,\"caption\":\"ASSOCIA\u00c7\u00c3O PORTUGUESA DE PORTADORES DE PR\u00d3TESES E IMPLANTES AUDITIVOS\"},\"image\":{\"@id\":\"https:\/\/ouvir.pt\/#\/schema\/logo\/image\/\"},\"sameAs\":[\"https:\/\/www.facebook.com\/ouvir.apppia\/\",\"https:\/\/x.com\/OUVIR1\"]}]}<\/script>\n<!-- \/ Yoast SEO plugin. -->","yoast_head_json":{"title":"Parcerias - Ouvir","description":"Quem s\u00e3o as nossas parceiras? - surdos, surdos oralizados, surdos oralistas, surdez, surdos que ouvem, aparelhos auditivos, pr\u00f3teses auditivas, implantes auditivos, implantes cocleares, defici\u00eancia auditiva, pessoas com defici\u00eancia auditiva, tecnologia auditiva","robots":{"index":"index","follow":"follow","max-snippet":"max-snippet:-1","max-image-preview":"max-image-preview:large","max-video-preview":"max-video-preview:-1"},"canonical":"https:\/\/ouvir.pt\/en\/parcerias\/","og_locale":"en_GB","og_type":"article","og_title":"Parcerias - Ouvir","og_description":"Quem s\u00e3o as nossas parceiras? - surdos, surdos oralizados, surdos oralistas, surdez, surdos que ouvem, aparelhos auditivos, pr\u00f3teses auditivas, implantes auditivos, implantes cocleares, defici\u00eancia auditiva, pessoas com defici\u00eancia auditiva, tecnologia auditiva","og_url":"https:\/\/ouvir.pt\/en\/parcerias\/","og_site_name":"Ouvir","article_publisher":"https:\/\/www.facebook.com\/ouvir.apppia\/","article_modified_time":"2025-05-22T09:09:26+00:00","twitter_card":"summary_large_image","twitter_site":"@OUVIR1","twitter_misc":{"Estimated reading time":"5 minutes"},"schema":{"@context":"https:\/\/schema.org","@graph":[{"@type":"WebPage","@id":"https:\/\/ouvir.pt\/parcerias\/","url":"https:\/\/ouvir.pt\/parcerias\/","name":"Parcerias - Ouvir","isPartOf":{"@id":"https:\/\/ouvir.pt\/#website"},"datePublished":"2020-05-18T10:46:21+00:00","dateModified":"2025-05-22T09:09:26+00:00","description":"Quem s\u00e3o as nossas parceiras? - surdos, surdos oralizados, surdos oralistas, surdez, surdos que ouvem, aparelhos auditivos, pr\u00f3teses auditivas, implantes auditivos, implantes cocleares, defici\u00eancia auditiva, pessoas com defici\u00eancia auditiva, tecnologia auditiva","breadcrumb":{"@id":"https:\/\/ouvir.pt\/parcerias\/#breadcrumb"},"inLanguage":"en-GB","potentialAction":[{"@type":"ReadAction","target":["https:\/\/ouvir.pt\/parcerias\/"]}]},{"@type":"BreadcrumbList","@id":"https:\/\/ouvir.pt\/parcerias\/#breadcrumb","itemListElement":[{"@type":"ListItem","position":1,"name":"In\u00edcio","item":"https:\/\/ouvir.pt\/"},{"@type":"ListItem","position":2,"name":"Parcerias"}]},{"@type":"WebSite","@id":"https:\/\/ouvir.pt\/#website","url":"https:\/\/ouvir.pt\/","name":"Ouvir","description":"","publisher":{"@id":"https:\/\/ouvir.pt\/#organization"},"potentialAction":[{"@type":"SearchAction","target":{"@type":"EntryPoint","urlTemplate":"https:\/\/ouvir.pt\/?s={search_term_string}"},"query-input":{"@type":"PropertyValueSpecification","valueRequired":true,"valueName":"search_term_string"}}],"inLanguage":"en-GB"},{"@type":"Organization","@id":"https:\/\/ouvir.pt\/#organization","name":"ASSOCIA\u00c7\u00c3O PORTUGUESA DE PORTADORES DE PR\u00d3TESES E IMPLANTES AUDITIVOS","url":"https:\/\/ouvir.pt\/","logo":{"@type":"ImageObject","inLanguage":"en-GB","@id":"https:\/\/ouvir.pt\/#\/schema\/logo\/image\/","url":"https:\/\/ouvir.pt\/wp-content\/uploads\/2020\/05\/logo_ouvir_02.png","contentUrl":"https:\/\/ouvir.pt\/wp-content\/uploads\/2020\/05\/logo_ouvir_02.png","width":1296,"height":1580,"caption":"ASSOCIA\u00c7\u00c3O PORTUGUESA DE PORTADORES DE PR\u00d3TESES E IMPLANTES AUDITIVOS"},"image":{"@id":"https:\/\/ouvir.pt\/#\/schema\/logo\/image\/"},"sameAs":["https:\/\/www.facebook.com\/ouvir.apppia\/","https:\/\/x.com\/OUVIR1"]}]}},"_links":{"self":[{"href":"https:\/\/ouvir.pt\/en\/wp-json\/wp\/v2\/pages\/8","targetHints":{"allow":["GET"]}}],"collection":[{"href":"https:\/\/ouvir.pt\/en\/wp-json\/wp\/v2\/pages"}],"about":[{"href":"https:\/\/ouvir.pt\/en\/wp-json\/wp\/v2\/types\/page"}],"author":[{"embeddable":true,"href":"https:\/\/ouvir.pt\/en\/wp-json\/wp\/v2\/users\/1"}],"replies":[{"embeddable":true,"href":"https:\/\/ouvir.pt\/en\/wp-json\/wp\/v2\/comments?post=8"}],"version-history":[{"count":13,"href":"https:\/\/ouvir.pt\/en\/wp-json\/wp\/v2\/pages\/8\/revisions"}],"predecessor-version":[{"id":434,"href":"https:\/\/ouvir.pt\/en\/wp-json\/wp\/v2\/pages\/8\/revisions\/434"}],"wp:attachment":[{"href":"https:\/\/ouvir.pt\/en\/wp-json\/wp\/v2\/media?parent=8"}],"curies":[{"name":"wp","href":"https:\/\/api.w.org\/{rel}","templated":true}]}}